{"id":4937,"date":"2021-10-25T11:47:47","date_gmt":"2021-10-25T10:47:47","guid":{"rendered":"https:\/\/www.robor-nature.eu\/service-2\/"},"modified":"2024-10-21T10:01:22","modified_gmt":"2024-10-21T09:01:22","slug":"service-2","status":"publish","type":"page","link":"https:\/\/www.robor-nature.nl\/fr\/service-2\/","title":{"rendered":"Service"},"content":{"rendered":"\t\t<div data-elementor-type=\"wp-page\" data-elementor-id=\"4937\" class=\"elementor elementor-4937 elementor-187\" data-elementor-post-type=\"page\">\n\t\t\t\t\t\t<section class=\"elementor-section elementor-top-section elementor-element elementor-element-54b666e9 elementor-section-height-min-height elementor-section-boxed elementor-section-height-default elementor-section-items-middle\" data-id=\"54b666e9\" data-element_type=\"section\" data-e-type=\"section\" data-settings=\"{&quot;background_background&quot;:&quot;classic&quot;}\">\n\t\t\t\t\t\t\t<div class=\"elementor-background-overlay\"><\/div>\n\t\t\t\t\t\t\t<div class=\"elementor-container elementor-column-gap-default\">\n\t\t\t\t\t<div class=\"elementor-column elementor-col-100 elementor-top-column elementor-element elementor-element-f528a47\" data-id=\"f528a47\" data-element_type=\"column\" data-e-type=\"column\">\n\t\t\t<div class=\"elementor-widget-wrap elementor-element-populated\">\n\t\t\t\t\t\t<div class=\"elementor-element elementor-element-68227d85 elementor-widget elementor-widget-heading\" data-id=\"68227d85\" data-element_type=\"widget\" data-e-type=\"widget\" data-widget_type=\"heading.default\">\n\t\t\t\t<div class=\"elementor-widget-container\">\n\t\t\t\t\t<h3 class=\"elementor-heading-title elementor-size-default\">Service<\/h3>\t\t\t\t<\/div>\n\t\t\t\t<\/div>\n\t\t\t\t<div class=\"elementor-element elementor-element-7101fb9d elementor-widget-divider--view-line_icon elementor-view-default elementor-widget-divider--element-align-center elementor-widget elementor-widget-divider\" data-id=\"7101fb9d\" data-element_type=\"widget\" data-e-type=\"widget\" data-widget_type=\"divider.default\">\n\t\t\t\t<div class=\"elementor-widget-container\">\n\t\t\t\t\t\t\t<div class=\"elementor-divider\">\n\t\t\t<span class=\"elementor-divider-separator\">\n\t\t\t\t\t\t\t<div class=\"elementor-icon elementor-divider__element\">\n\t\t\t\t\t<i aria-hidden=\"true\" class=\"fas fa-wrench\"><\/i><\/div>\n\t\t\t\t\t\t<\/span>\n\t\t<\/div>\n\t\t\t\t\t\t<\/div>\n\t\t\t\t<\/div>\n\t\t\t\t\t<\/div>\n\t\t<\/div>\n\t\t\t\t\t<\/div>\n\t\t<\/section>\n\t\t\t\t<section class=\"elementor-section elementor-top-section elementor-element elementor-element-71be5af elementor-section-boxed elementor-section-height-default elementor-section-height-default\" data-id=\"71be5af\" data-element_type=\"section\" data-e-type=\"section\">\n\t\t\t\t\t\t<div class=\"elementor-container elementor-column-gap-default\">\n\t\t\t\t\t<div class=\"elementor-column elementor-col-100 elementor-top-column elementor-element elementor-element-2e786bc\" data-id=\"2e786bc\" data-element_type=\"column\" data-e-type=\"column\">\n\t\t\t<div class=\"elementor-widget-wrap elementor-element-populated\">\n\t\t\t\t\t\t<div class=\"elementor-element elementor-element-ca33432 elementor-widget elementor-widget-heading\" data-id=\"ca33432\" data-element_type=\"widget\" data-e-type=\"widget\" data-widget_type=\"heading.default\">\n\t\t\t\t<div class=\"elementor-widget-container\">\n\t\t\t\t\t<h3 class=\"elementor-heading-title elementor-size-default\">Service et maintenance<\/h3>\t\t\t\t<\/div>\n\t\t\t\t<\/div>\n\t\t\t\t<div class=\"elementor-element elementor-element-e47fb9e elementor-widget-divider--view-line_icon elementor-view-default elementor-widget-divider--element-align-center elementor-widget elementor-widget-divider\" data-id=\"e47fb9e\" data-element_type=\"widget\" data-e-type=\"widget\" data-widget_type=\"divider.default\">\n\t\t\t\t<div class=\"elementor-widget-container\">\n\t\t\t\t\t\t\t<div class=\"elementor-divider\">\n\t\t\t<span class=\"elementor-divider-separator\">\n\t\t\t\t\t\t\t<div class=\"elementor-icon elementor-divider__element\">\n\t\t\t\t\t<i aria-hidden=\"true\" class=\"fas fa-wrench\"><\/i><\/div>\n\t\t\t\t\t\t<\/span>\n\t\t<\/div>\n\t\t\t\t\t\t<\/div>\n\t\t\t\t<\/div>\n\t\t\t\t<div class=\"elementor-element elementor-element-4e91fb5 elementor-widget elementor-widget-text-editor\" data-id=\"4e91fb5\" data-element_type=\"widget\" data-e-type=\"widget\" data-widget_type=\"text-editor.default\">\n\t\t\t\t<div class=\"elementor-widget-container\">\n\t\t\t\t\t\t\t\t\t<p>Pour chaque concept, il y a un expert personnel qui peut vous fournir toutes les informations et explications dont vous avez besoin. Nous vous expliquons \u00e9galement volontiers tous les produits et logiciels en personne ; nous prenons notre temps pour vous. <\/p>\n<p>Chaque drone que nous livrons fait l&rsquo;objet d&rsquo;un enregistrement de donn\u00e9es. Il permet \u00e9galement de conna\u00eetre le nombre d&rsquo;heures de vol d&rsquo;un drone et donc de savoir quand il est temps de proc\u00e9der \u00e0 sa maintenance. <\/p>\n\t\t\t\t\t\t\t\t<\/div>\n\t\t\t\t<\/div>\n\t\t\t\t\t<\/div>\n\t\t<\/div>\n\t\t\t\t\t<\/div>\n\t\t<\/section>\n\t\t\t\t<section class=\"elementor-section elementor-top-section elementor-element elementor-element-bcd173c elementor-section-boxed elementor-section-height-default elementor-section-height-default\" data-id=\"bcd173c\" data-element_type=\"section\" data-e-type=\"section\" data-settings=\"{&quot;background_background&quot;:&quot;classic&quot;}\">\n\t\t\t\t\t\t<div class=\"elementor-container elementor-column-gap-default\">\n\t\t\t\t\t<div class=\"elementor-column elementor-col-33 elementor-top-column elementor-element elementor-element-44d0acf\" data-id=\"44d0acf\" data-element_type=\"column\" data-e-type=\"column\">\n\t\t\t<div class=\"elementor-widget-wrap elementor-element-populated\">\n\t\t\t\t\t\t<div class=\"elementor-element elementor-element-48571f2 elementor-widget elementor-widget-image\" data-id=\"48571f2\" data-element_type=\"widget\" data-e-type=\"widget\" data-widget_type=\"image.default\">\n\t\t\t\t<div class=\"elementor-widget-container\">\n\t\t\t\t\t\t\t\t\t\t\t\t\t\t\t<img fetchpriority=\"high\" decoding=\"async\" width=\"766\" height=\"1024\" src=\"https:\/\/www.robor-nature.eu\/wp-content\/uploads\/2021\/11\/RN14b-766x1024.jpg\" class=\"attachment-large size-large wp-image-2552\" alt=\"\" srcset=\"https:\/\/www.robor-nature.eu\/wp-content\/uploads\/2021\/11\/RN14b-766x1024.jpg 766w, https:\/\/www.robor-nature.eu\/wp-content\/uploads\/2021\/11\/RN14b-225x300.jpg 225w, https:\/\/www.robor-nature.eu\/wp-content\/uploads\/2021\/11\/RN14b-768x1026.jpg 768w, https:\/\/www.robor-nature.eu\/wp-content\/uploads\/2021\/11\/RN14b-1150x1536.jpg 1150w, https:\/\/www.robor-nature.eu\/wp-content\/uploads\/2021\/11\/RN14b-scaled.jpg 1916w\" sizes=\"(max-width: 766px) 100vw, 766px\" \/>\t\t\t\t\t\t\t\t\t\t\t\t\t\t\t<\/div>\n\t\t\t\t<\/div>\n\t\t\t\t\t<\/div>\n\t\t<\/div>\n\t\t\t\t<div class=\"elementor-column elementor-col-33 elementor-top-column elementor-element elementor-element-b8ae331\" data-id=\"b8ae331\" data-element_type=\"column\" data-e-type=\"column\">\n\t\t\t<div class=\"elementor-widget-wrap elementor-element-populated\">\n\t\t\t\t\t\t<div class=\"elementor-element elementor-element-86b6cc9 elementor-widget elementor-widget-image\" data-id=\"86b6cc9\" data-element_type=\"widget\" data-e-type=\"widget\" data-widget_type=\"image.default\">\n\t\t\t\t<div class=\"elementor-widget-container\">\n\t\t\t\t\t\t\t\t\t\t\t\t\t\t\t<img decoding=\"async\" width=\"683\" height=\"1024\" src=\"https:\/\/www.robor-nature.eu\/wp-content\/uploads\/2021\/11\/RN14a-683x1024.jpg\" class=\"attachment-large size-large wp-image-2551\" alt=\"\" srcset=\"https:\/\/www.robor-nature.eu\/wp-content\/uploads\/2021\/11\/RN14a-683x1024.jpg 683w, https:\/\/www.robor-nature.eu\/wp-content\/uploads\/2021\/11\/RN14a-200x300.jpg 200w, https:\/\/www.robor-nature.eu\/wp-content\/uploads\/2021\/11\/RN14a-768x1152.jpg 768w, https:\/\/www.robor-nature.eu\/wp-content\/uploads\/2021\/11\/RN14a-1024x1536.jpg 1024w, https:\/\/www.robor-nature.eu\/wp-content\/uploads\/2021\/11\/RN14a-scaled.jpg 1707w\" sizes=\"(max-width: 683px) 100vw, 683px\" \/>\t\t\t\t\t\t\t\t\t\t\t\t\t\t\t<\/div>\n\t\t\t\t<\/div>\n\t\t\t\t\t<\/div>\n\t\t<\/div>\n\t\t\t\t<div class=\"elementor-column elementor-col-33 elementor-top-column elementor-element elementor-element-bb9c39b\" data-id=\"bb9c39b\" data-element_type=\"column\" data-e-type=\"column\">\n\t\t\t<div class=\"elementor-widget-wrap elementor-element-populated\">\n\t\t\t\t\t\t<div class=\"elementor-element elementor-element-beb0294 elementor-widget elementor-widget-image\" data-id=\"beb0294\" data-element_type=\"widget\" data-e-type=\"widget\" data-widget_type=\"image.default\">\n\t\t\t\t<div class=\"elementor-widget-container\">\n\t\t\t\t\t\t\t\t\t\t\t\t\t\t\t<img decoding=\"async\" width=\"800\" height=\"600\" src=\"https:\/\/www.robor-nature.eu\/wp-content\/uploads\/2021\/11\/RN12-1024x768.jpg\" class=\"attachment-large size-large wp-image-2549\" alt=\"rn12\" srcset=\"https:\/\/www.robor-nature.eu\/wp-content\/uploads\/2021\/11\/RN12-1024x768.jpg 1024w, https:\/\/www.robor-nature.eu\/wp-content\/uploads\/2021\/11\/RN12-300x225.jpg 300w, https:\/\/www.robor-nature.eu\/wp-content\/uploads\/2021\/11\/RN12-768x576.jpg 768w, https:\/\/www.robor-nature.eu\/wp-content\/uploads\/2021\/11\/RN12-1536x1152.jpg 1536w, https:\/\/www.robor-nature.eu\/wp-content\/uploads\/2021\/11\/RN12-2048x1536.jpg 2048w, https:\/\/www.robor-nature.eu\/wp-content\/uploads\/2021\/11\/RN12-1x1.jpg 1w\" sizes=\"(max-width: 800px) 100vw, 800px\" \/>\t\t\t\t\t\t\t\t\t\t\t\t\t\t\t<\/div>\n\t\t\t\t<\/div>\n\t\t\t\t\t<\/div>\n\t\t<\/div>\n\t\t\t\t\t<\/div>\n\t\t<\/section>\n\t\t\t\t<section class=\"elementor-section elementor-top-section elementor-element elementor-element-2d4ad58 elementor-section-boxed elementor-section-height-default elementor-section-height-default\" data-id=\"2d4ad58\" data-element_type=\"section\" data-e-type=\"section\">\n\t\t\t\t\t\t<div class=\"elementor-container elementor-column-gap-default\">\n\t\t\t\t\t<div class=\"elementor-column elementor-col-100 elementor-top-column elementor-element elementor-element-e561df5\" data-id=\"e561df5\" data-element_type=\"column\" data-e-type=\"column\">\n\t\t\t<div class=\"elementor-widget-wrap elementor-element-populated\">\n\t\t\t\t\t\t<div class=\"elementor-element elementor-element-ca68e60 elementor-widget elementor-widget-heading\" data-id=\"ca68e60\" data-element_type=\"widget\" data-e-type=\"widget\" data-widget_type=\"heading.default\">\n\t\t\t\t<div class=\"elementor-widget-container\">\n\t\t\t\t\t<h3 class=\"elementor-heading-title elementor-size-default\">Plus de services et d'entretien<\/h3>\t\t\t\t<\/div>\n\t\t\t\t<\/div>\n\t\t\t\t<div class=\"elementor-element elementor-element-efcf68a elementor-widget-divider--view-line_icon elementor-view-default elementor-widget-divider--element-align-center elementor-widget elementor-widget-divider\" data-id=\"efcf68a\" data-element_type=\"widget\" data-e-type=\"widget\" data-widget_type=\"divider.default\">\n\t\t\t\t<div class=\"elementor-widget-container\">\n\t\t\t\t\t\t\t<div class=\"elementor-divider\">\n\t\t\t<span class=\"elementor-divider-separator\">\n\t\t\t\t\t\t\t<div class=\"elementor-icon elementor-divider__element\">\n\t\t\t\t\t<i aria-hidden=\"true\" class=\"fas fa-wrench\"><\/i><\/div>\n\t\t\t\t\t\t<\/span>\n\t\t<\/div>\n\t\t\t\t\t\t<\/div>\n\t\t\t\t<\/div>\n\t\t\t\t<div class=\"elementor-element elementor-element-753d68b elementor-widget elementor-widget-text-editor\" data-id=\"753d68b\" data-element_type=\"widget\" data-e-type=\"widget\" data-widget_type=\"text-editor.default\">\n\t\t\t\t<div class=\"elementor-widget-container\">\n\t\t\t\t\t\t\t\t\t<ul>\n<li>Journ\u00e9es de d\u00e9monstration personnelles et informelles;<\/li>\n<li>Mises \u00e0 jour de logiciels (nous vous informons personnellement lorsqu&rsquo;une mise \u00e0 jour est n\u00e9cessaire) ;<\/li>\n<li>R\u00e9parations;<\/li>\n<li>Un drone de remplacement si la r\u00e9paration prend plus de 5 jours ouvrables;<\/li>\n<li>Contact direct et personnel avec le bureau d&rsquo;assistance technique les jours ouvrables de 9h00 \u00e0 17h00;<\/li>\n<li>Possibilit\u00e9 de contrat de maintenance;<\/li>\n<li>Des journ\u00e9es de retour p\u00e9riodiques pour rafra\u00eechir les connaissances.<\/li>\n<\/ul>\n\t\t\t\t\t\t\t\t<\/div>\n\t\t\t\t<\/div>\n\t\t\t\t\t<\/div>\n\t\t<\/div>\n\t\t\t\t\t<\/div>\n\t\t<\/section>\n\t\t\t\t<\/div>\n\t\t","protected":false},"excerpt":{"rendered":"<p>Service Service et maintenance Pour chaque concept, il y a un expert personnel qui peut vous fournir toutes les informations et explications dont vous avez besoin. Nous vous expliquons \u00e9galement volontiers tous les produits et logiciels en personne ; nous prenons notre temps pour vous. Chaque drone que nous livrons fait l&rsquo;objet d&rsquo;un enregistrement de [&hellip;]<\/p>\n","protected":false},"author":3,"featured_media":0,"parent":0,"menu_order":0,"comment_status":"closed","ping_status":"closed","template":"elementor_header_footer","meta":{"footnotes":""},"class_list":["post-4937","page","type-page","status-publish","hentry"],"yoast_head":"<!-- This site is optimized with the Yoast SEO plugin v27.4 - https:\/\/yoast.com\/product\/yoast-seo-wordpress\/ -->\n<title>Service - Robor Nature<\/title>\n<meta name=\"robots\" content=\"index, follow, max-snippet:-1, max-image-preview:large, max-video-preview:-1\" \/>\n<link rel=\"canonical\" href=\"https:\/\/www.robor-nature.nl\/fr\/service-2\/\" \/>\n<meta property=\"og:locale\" content=\"fr_FR\" \/>\n<meta property=\"og:type\" content=\"article\" \/>\n<meta property=\"og:title\" content=\"Service - Robor Nature\" \/>\n<meta property=\"og:description\" content=\"Service Service et maintenance Pour chaque concept, il y a un expert personnel qui peut vous fournir toutes les informations et explications dont vous avez besoin. Nous vous expliquons \u00e9galement volontiers tous les produits et logiciels en personne ; nous prenons notre temps pour vous. Chaque drone que nous livrons fait l&rsquo;objet d&rsquo;un enregistrement de [&hellip;]\" \/>\n<meta property=\"og:url\" content=\"https:\/\/www.robor-nature.nl\/fr\/service-2\/\" \/>\n<meta property=\"og:site_name\" content=\"Robor Nature\" \/>\n<meta property=\"article:modified_time\" content=\"2024-10-21T09:01:22+00:00\" \/>\n<meta property=\"og:image\" content=\"https:\/\/www.robor-nature.eu\/wp-content\/uploads\/2021\/11\/RN14b-766x1024.jpg\" \/>\n<meta name=\"twitter:card\" content=\"summary_large_image\" \/>\n<meta name=\"twitter:label1\" content=\"Dur\u00e9e de lecture estim\u00e9e\" \/>\n\t<meta name=\"twitter:data1\" content=\"1 minute\" \/>\n<script type=\"application\/ld+json\" class=\"yoast-schema-graph\">{\"@context\":\"https:\\\/\\\/schema.org\",\"@graph\":[{\"@type\":\"WebPage\",\"@id\":\"https:\\\/\\\/www.robor-nature.nl\\\/fr\\\/service-2\\\/\",\"url\":\"https:\\\/\\\/www.robor-nature.nl\\\/fr\\\/service-2\\\/\",\"name\":\"Service - Robor Nature\",\"isPartOf\":{\"@id\":\"https:\\\/\\\/www.robor-nature.eu\\\/#website\"},\"primaryImageOfPage\":{\"@id\":\"https:\\\/\\\/www.robor-nature.nl\\\/fr\\\/service-2\\\/#primaryimage\"},\"image\":{\"@id\":\"https:\\\/\\\/www.robor-nature.nl\\\/fr\\\/service-2\\\/#primaryimage\"},\"thumbnailUrl\":\"https:\\\/\\\/www.robor-nature.eu\\\/wp-content\\\/uploads\\\/2021\\\/11\\\/RN14b-766x1024.jpg\",\"datePublished\":\"2021-10-25T10:47:47+00:00\",\"dateModified\":\"2024-10-21T09:01:22+00:00\",\"breadcrumb\":{\"@id\":\"https:\\\/\\\/www.robor-nature.nl\\\/fr\\\/service-2\\\/#breadcrumb\"},\"inLanguage\":\"fr-FR\",\"potentialAction\":[{\"@type\":\"ReadAction\",\"target\":[\"https:\\\/\\\/www.robor-nature.nl\\\/fr\\\/service-2\\\/\"]}]},{\"@type\":\"ImageObject\",\"inLanguage\":\"fr-FR\",\"@id\":\"https:\\\/\\\/www.robor-nature.nl\\\/fr\\\/service-2\\\/#primaryimage\",\"url\":\"https:\\\/\\\/www.robor-nature.eu\\\/wp-content\\\/uploads\\\/2021\\\/11\\\/RN14b-766x1024.jpg\",\"contentUrl\":\"https:\\\/\\\/www.robor-nature.eu\\\/wp-content\\\/uploads\\\/2021\\\/11\\\/RN14b-766x1024.jpg\"},{\"@type\":\"BreadcrumbList\",\"@id\":\"https:\\\/\\\/www.robor-nature.nl\\\/fr\\\/service-2\\\/#breadcrumb\",\"itemListElement\":[{\"@type\":\"ListItem\",\"position\":1,\"name\":\"Home\",\"item\":\"https:\\\/\\\/www.robor-nature.eu\\\/fr\\\/\"},{\"@type\":\"ListItem\",\"position\":2,\"name\":\"Service\"}]},{\"@type\":\"WebSite\",\"@id\":\"https:\\\/\\\/www.robor-nature.eu\\\/#website\",\"url\":\"https:\\\/\\\/www.robor-nature.eu\\\/\",\"name\":\"Robor Nature\",\"description\":\"\",\"publisher\":{\"@id\":\"https:\\\/\\\/www.robor-nature.eu\\\/#organization\"},\"potentialAction\":[{\"@type\":\"SearchAction\",\"target\":{\"@type\":\"EntryPoint\",\"urlTemplate\":\"https:\\\/\\\/www.robor-nature.eu\\\/?s={search_term_string}\"},\"query-input\":{\"@type\":\"PropertyValueSpecification\",\"valueRequired\":true,\"valueName\":\"search_term_string\"}}],\"inLanguage\":\"fr-FR\"},{\"@type\":\"Organization\",\"@id\":\"https:\\\/\\\/www.robor-nature.eu\\\/#organization\",\"name\":\"Robor Nature\",\"url\":\"https:\\\/\\\/www.robor-nature.eu\\\/\",\"logo\":{\"@type\":\"ImageObject\",\"inLanguage\":\"fr-FR\",\"@id\":\"https:\\\/\\\/www.robor-nature.eu\\\/#\\\/schema\\\/logo\\\/image\\\/\",\"url\":\"https:\\\/\\\/www.robor-nature.nl\\\/wp-content\\\/uploads\\\/2021\\\/10\\\/cropped-Logo_Robor-300ppi-01.png\",\"contentUrl\":\"https:\\\/\\\/www.robor-nature.nl\\\/wp-content\\\/uploads\\\/2021\\\/10\\\/cropped-Logo_Robor-300ppi-01.png\",\"width\":240,\"height\":100,\"caption\":\"Robor Nature\"},\"image\":{\"@id\":\"https:\\\/\\\/www.robor-nature.eu\\\/#\\\/schema\\\/logo\\\/image\\\/\"}}]}<\/script>\n<!-- \/ Yoast SEO plugin. -->","yoast_head_json":{"title":"Service - Robor Nature","robots":{"index":"index","follow":"follow","max-snippet":"max-snippet:-1","max-image-preview":"max-image-preview:large","max-video-preview":"max-video-preview:-1"},"canonical":"https:\/\/www.robor-nature.nl\/fr\/service-2\/","og_locale":"fr_FR","og_type":"article","og_title":"Service - Robor Nature","og_description":"Service Service et maintenance Pour chaque concept, il y a un expert personnel qui peut vous fournir toutes les informations et explications dont vous avez besoin. Nous vous expliquons \u00e9galement volontiers tous les produits et logiciels en personne ; nous prenons notre temps pour vous. Chaque drone que nous livrons fait l&rsquo;objet d&rsquo;un enregistrement de [&hellip;]","og_url":"https:\/\/www.robor-nature.nl\/fr\/service-2\/","og_site_name":"Robor Nature","article_modified_time":"2024-10-21T09:01:22+00:00","og_image":[{"url":"https:\/\/www.robor-nature.eu\/wp-content\/uploads\/2021\/11\/RN14b-766x1024.jpg","type":"","width":"","height":""}],"twitter_card":"summary_large_image","twitter_misc":{"Dur\u00e9e de lecture estim\u00e9e":"1 minute"},"schema":{"@context":"https:\/\/schema.org","@graph":[{"@type":"WebPage","@id":"https:\/\/www.robor-nature.nl\/fr\/service-2\/","url":"https:\/\/www.robor-nature.nl\/fr\/service-2\/","name":"Service - Robor Nature","isPartOf":{"@id":"https:\/\/www.robor-nature.eu\/#website"},"primaryImageOfPage":{"@id":"https:\/\/www.robor-nature.nl\/fr\/service-2\/#primaryimage"},"image":{"@id":"https:\/\/www.robor-nature.nl\/fr\/service-2\/#primaryimage"},"thumbnailUrl":"https:\/\/www.robor-nature.eu\/wp-content\/uploads\/2021\/11\/RN14b-766x1024.jpg","datePublished":"2021-10-25T10:47:47+00:00","dateModified":"2024-10-21T09:01:22+00:00","breadcrumb":{"@id":"https:\/\/www.robor-nature.nl\/fr\/service-2\/#breadcrumb"},"inLanguage":"fr-FR","potentialAction":[{"@type":"ReadAction","target":["https:\/\/www.robor-nature.nl\/fr\/service-2\/"]}]},{"@type":"ImageObject","inLanguage":"fr-FR","@id":"https:\/\/www.robor-nature.nl\/fr\/service-2\/#primaryimage","url":"https:\/\/www.robor-nature.eu\/wp-content\/uploads\/2021\/11\/RN14b-766x1024.jpg","contentUrl":"https:\/\/www.robor-nature.eu\/wp-content\/uploads\/2021\/11\/RN14b-766x1024.jpg"},{"@type":"BreadcrumbList","@id":"https:\/\/www.robor-nature.nl\/fr\/service-2\/#breadcrumb","itemListElement":[{"@type":"ListItem","position":1,"name":"Home","item":"https:\/\/www.robor-nature.eu\/fr\/"},{"@type":"ListItem","position":2,"name":"Service"}]},{"@type":"WebSite","@id":"https:\/\/www.robor-nature.eu\/#website","url":"https:\/\/www.robor-nature.eu\/","name":"Robor Nature","description":"","publisher":{"@id":"https:\/\/www.robor-nature.eu\/#organization"},"potentialAction":[{"@type":"SearchAction","target":{"@type":"EntryPoint","urlTemplate":"https:\/\/www.robor-nature.eu\/?s={search_term_string}"},"query-input":{"@type":"PropertyValueSpecification","valueRequired":true,"valueName":"search_term_string"}}],"inLanguage":"fr-FR"},{"@type":"Organization","@id":"https:\/\/www.robor-nature.eu\/#organization","name":"Robor Nature","url":"https:\/\/www.robor-nature.eu\/","logo":{"@type":"ImageObject","inLanguage":"fr-FR","@id":"https:\/\/www.robor-nature.eu\/#\/schema\/logo\/image\/","url":"https:\/\/www.robor-nature.nl\/wp-content\/uploads\/2021\/10\/cropped-Logo_Robor-300ppi-01.png","contentUrl":"https:\/\/www.robor-nature.nl\/wp-content\/uploads\/2021\/10\/cropped-Logo_Robor-300ppi-01.png","width":240,"height":100,"caption":"Robor Nature"},"image":{"@id":"https:\/\/www.robor-nature.eu\/#\/schema\/logo\/image\/"}}]}},"_links":{"self":[{"href":"https:\/\/www.robor-nature.nl\/fr\/wp-json\/wp\/v2\/pages\/4937","targetHints":{"allow":["GET"]}}],"collection":[{"href":"https:\/\/www.robor-nature.nl\/fr\/wp-json\/wp\/v2\/pages"}],"about":[{"href":"https:\/\/www.robor-nature.nl\/fr\/wp-json\/wp\/v2\/types\/page"}],"author":[{"embeddable":true,"href":"https:\/\/www.robor-nature.nl\/fr\/wp-json\/wp\/v2\/users\/3"}],"replies":[{"embeddable":true,"href":"https:\/\/www.robor-nature.nl\/fr\/wp-json\/wp\/v2\/comments?post=4937"}],"version-history":[{"count":1,"href":"https:\/\/www.robor-nature.nl\/fr\/wp-json\/wp\/v2\/pages\/4937\/revisions"}],"predecessor-version":[{"id":4938,"href":"https:\/\/www.robor-nature.nl\/fr\/wp-json\/wp\/v2\/pages\/4937\/revisions\/4938"}],"wp:attachment":[{"href":"https:\/\/www.robor-nature.nl\/fr\/wp-json\/wp\/v2\/media?parent=4937"}],"curies":[{"name":"wp","href":"https:\/\/api.w.org\/{rel}","templated":true}]}}