{"id":5523,"date":"2022-03-28T10:28:43","date_gmt":"2022-03-28T09:28:43","guid":{"rendered":"https:\/\/www.robor-nature.eu\/soluciones\/jaula-inteligente\/"},"modified":"2026-01-24T12:40:56","modified_gmt":"2026-01-24T11:40:56","slug":"jaula-inteligente","status":"publish","type":"page","link":"https:\/\/www.robor-nature.nl\/es\/soluciones\/jaula-inteligente\/","title":{"rendered":"Jaula inteligente"},"content":{"rendered":"\t\t<div data-elementor-type=\"wp-page\" data-elementor-id=\"5523\" class=\"elementor elementor-5523 elementor-3563\" data-elementor-post-type=\"page\">\n\t\t\t\t\t\t<section class=\"elementor-section elementor-top-section elementor-element elementor-element-0e4d4c7 elementor-section-height-min-height elementor-section-boxed elementor-section-height-default elementor-section-items-middle\" data-id=\"0e4d4c7\" data-element_type=\"section\" data-e-type=\"section\" data-settings=\"{&quot;background_background&quot;:&quot;classic&quot;}\">\n\t\t\t\t\t\t\t<div class=\"elementor-background-overlay\"><\/div>\n\t\t\t\t\t\t\t<div class=\"elementor-container elementor-column-gap-default\">\n\t\t\t\t\t<div class=\"elementor-column elementor-col-100 elementor-top-column elementor-element elementor-element-97ddca3\" data-id=\"97ddca3\" data-element_type=\"column\" data-e-type=\"column\">\n\t\t\t<div class=\"elementor-widget-wrap elementor-element-populated\">\n\t\t\t\t\t\t<div class=\"elementor-element elementor-element-d702329 elementor-widget elementor-widget-heading\" data-id=\"d702329\" data-element_type=\"widget\" data-e-type=\"widget\" data-widget_type=\"heading.default\">\n\t\t\t\t<div class=\"elementor-widget-container\">\n\t\t\t\t\t<h3 class=\"elementor-heading-title elementor-size-default\">Jaula inteligente<\/h3>\t\t\t\t<\/div>\n\t\t\t\t<\/div>\n\t\t\t\t<div class=\"elementor-element elementor-element-6b80305 elementor-widget-divider--view-line_icon elementor-view-default elementor-widget-divider--element-align-center elementor-widget elementor-widget-divider\" data-id=\"6b80305\" data-element_type=\"widget\" data-e-type=\"widget\" data-widget_type=\"divider.default\">\n\t\t\t\t<div class=\"elementor-widget-container\">\n\t\t\t\t\t\t\t<div class=\"elementor-divider\">\n\t\t\t<span class=\"elementor-divider-separator\">\n\t\t\t\t\t\t\t<div class=\"elementor-icon elementor-divider__element\">\n\t\t\t\t\t<i aria-hidden=\"true\" class=\"fab fa-canadian-maple-leaf\"><\/i><\/div>\n\t\t\t\t\t\t<\/span>\n\t\t<\/div>\n\t\t\t\t\t\t<\/div>\n\t\t\t\t<\/div>\n\t\t\t\t\t<\/div>\n\t\t<\/div>\n\t\t\t\t\t<\/div>\n\t\t<\/section>\n\t\t\t\t<section class=\"elementor-section elementor-top-section elementor-element elementor-element-fe03842 elementor-section-boxed elementor-section-height-default elementor-section-height-default\" data-id=\"fe03842\" data-element_type=\"section\" data-e-type=\"section\" data-settings=\"{&quot;background_background&quot;:&quot;classic&quot;}\">\n\t\t\t\t\t\t<div class=\"elementor-container elementor-column-gap-default\">\n\t\t\t\t\t<div class=\"elementor-column elementor-col-50 elementor-top-column elementor-element elementor-element-d182b4d\" data-id=\"d182b4d\" data-element_type=\"column\" data-e-type=\"column\">\n\t\t\t<div class=\"elementor-widget-wrap elementor-element-populated\">\n\t\t\t\t\t\t<div class=\"elementor-element elementor-element-66a8d6c elementor-widget elementor-widget-video\" data-id=\"66a8d6c\" data-element_type=\"widget\" data-e-type=\"widget\" data-settings=\"{&quot;video_type&quot;:&quot;hosted&quot;,&quot;controls&quot;:&quot;yes&quot;}\" data-widget_type=\"video.default\">\n\t\t\t\t<div class=\"elementor-widget-container\">\n\t\t\t\t\t\t\t<div class=\"e-hosted-video elementor-wrapper elementor-open-inline\">\n\t\t\t\t\t<video class=\"elementor-video\" src=\"http:\/\/www.robor-nature.eu\/wp-content\/uploads\/2022\/04\/video.mp4\" controls=\"\" preload=\"metadata\" controlsList=\"nodownload\"><\/video>\n\t\t\t\t<\/div>\n\t\t\t\t\t\t<\/div>\n\t\t\t\t<\/div>\n\t\t\t\t\t<\/div>\n\t\t<\/div>\n\t\t\t\t<div class=\"elementor-column elementor-col-50 elementor-top-column elementor-element elementor-element-ba0303d\" data-id=\"ba0303d\" data-element_type=\"column\" data-e-type=\"column\">\n\t\t\t<div class=\"elementor-widget-wrap elementor-element-populated\">\n\t\t\t\t\t\t<div class=\"elementor-element elementor-element-a00b973 elementor-widget elementor-widget-heading\" data-id=\"a00b973\" data-element_type=\"widget\" data-e-type=\"widget\" data-widget_type=\"heading.default\">\n\t\t\t\t<div class=\"elementor-widget-container\">\n\t\t\t\t\t<h2 class=\"elementor-heading-title elementor-size-default\">Jaula inteligente<\/h2>\t\t\t\t<\/div>\n\t\t\t\t<\/div>\n\t\t\t\t<div class=\"elementor-element elementor-element-77a88ed elementor-widget elementor-widget-text-editor\" data-id=\"77a88ed\" data-element_type=\"widget\" data-e-type=\"widget\" data-widget_type=\"text-editor.default\">\n\t\t\t\t<div class=\"elementor-widget-container\">\n\t\t\t\t\t\t\t\t\t<p>La rata almizclera y la rata cangilona son especies invasoras, lo que significa que no son aut\u00f3ctonas de los Pa\u00edses Bajos. Sin embargo, est\u00e1n presentes y causan muchos da\u00f1os a los diques y v\u00edas fluviales en pa\u00edses como los Pa\u00edses Bajos, Alemania y B\u00e9lgica. Por eso hay que combatirlas. Las ratas almizcleras se capturan vivas, lo que es una tarea que requiere mucho tiempo.   <\/p>\n<p>Las jaulas trampa actuales que se utilizan para capturar ratas almizcleras deben inspeccionarse cada 24 horas. Esto se debe a que otros animales (protegidos) tambi\u00e9n pueden caer en la trampa y es importante que estos animales sean liberados lo antes posible. Por eso, en Robor Nature hemos creado la jaula inteligente. La jaula inteligente funciona con un sistema de detecci\u00f3n muy sofisticado que filtra las capturas accidentales. De este modo, la puerta de la jaula solo se cierra cuando hay una rata almizclera o una nutria dentro, mientras que con otros animales la puerta permanece abierta.    <\/p>\n\t\t\t\t\t\t\t\t<\/div>\n\t\t\t\t<\/div>\n\t\t\t\t\t<\/div>\n\t\t<\/div>\n\t\t\t\t\t<\/div>\n\t\t<\/section>\n\t\t\t\t<section class=\"elementor-section elementor-top-section elementor-element elementor-element-045aaa9 elementor-section-boxed elementor-section-height-default elementor-section-height-default\" data-id=\"045aaa9\" data-element_type=\"section\" data-e-type=\"section\" data-settings=\"{&quot;background_background&quot;:&quot;classic&quot;}\">\n\t\t\t\t\t\t<div class=\"elementor-container elementor-column-gap-default\">\n\t\t\t\t\t<div class=\"elementor-column elementor-col-100 elementor-top-column elementor-element elementor-element-8a86a40\" data-id=\"8a86a40\" data-element_type=\"column\" data-e-type=\"column\">\n\t\t\t<div class=\"elementor-widget-wrap elementor-element-populated\">\n\t\t\t\t\t\t<div class=\"elementor-element elementor-element-3fd7ff5 elementor-widget elementor-widget-gallery\" data-id=\"3fd7ff5\" data-element_type=\"widget\" data-e-type=\"widget\" data-settings=\"{&quot;aspect_ratio&quot;:&quot;1:1&quot;,&quot;lazyload&quot;:&quot;yes&quot;,&quot;gallery_layout&quot;:&quot;grid&quot;,&quot;columns&quot;:4,&quot;columns_tablet&quot;:2,&quot;columns_mobile&quot;:1,&quot;gap&quot;:{&quot;unit&quot;:&quot;px&quot;,&quot;size&quot;:10,&quot;sizes&quot;:[]},&quot;gap_tablet&quot;:{&quot;unit&quot;:&quot;px&quot;,&quot;size&quot;:10,&quot;sizes&quot;:[]},&quot;gap_mobile&quot;:{&quot;unit&quot;:&quot;px&quot;,&quot;size&quot;:10,&quot;sizes&quot;:[]},&quot;overlay_background&quot;:&quot;yes&quot;,&quot;content_hover_animation&quot;:&quot;fade-in&quot;}\" data-widget_type=\"gallery.default\">\n\t\t\t\t<div class=\"elementor-widget-container\">\n\t\t\t\t\t\t\t<div class=\"elementor-gallery__container\">\n\t\t\t\t\t\t\t<div class=\"e-gallery-item elementor-gallery-item elementor-animated-content\">\n\t\t\t\t\t<div class=\"e-gallery-image elementor-gallery-item__image\" data-thumbnail=\"https:\/\/www.robor-nature.nl\/wp-content\/uploads\/2022\/03\/IMG_0209-768x576.jpg\" data-width=\"768\" data-height=\"576\" aria-label=\"\" role=\"img\" ><\/div>\n\t\t\t\t\t\t\t\t\t\t\t<div class=\"elementor-gallery-item__overlay\"><\/div>\n\t\t\t\t\t\t\t\t\t\t\t\t\t\t<\/div>\n\t\t\t\t\t\t\t<div class=\"e-gallery-item elementor-gallery-item elementor-animated-content\">\n\t\t\t\t\t<div class=\"e-gallery-image elementor-gallery-item__image\" data-thumbnail=\"https:\/\/www.robor-nature.nl\/wp-content\/uploads\/2022\/03\/IMAG0236-768x492.jpg\" data-width=\"768\" data-height=\"492\" aria-label=\"\" role=\"img\" ><\/div>\n\t\t\t\t\t\t\t\t\t\t\t<div class=\"elementor-gallery-item__overlay\"><\/div>\n\t\t\t\t\t\t\t\t\t\t\t\t\t\t<\/div>\n\t\t\t\t\t\t\t<div class=\"e-gallery-item elementor-gallery-item elementor-animated-content\">\n\t\t\t\t\t<div class=\"e-gallery-image elementor-gallery-item__image\" data-thumbnail=\"https:\/\/www.robor-nature.nl\/wp-content\/uploads\/2022\/03\/1-768x541.jpg\" data-width=\"768\" data-height=\"541\" aria-label=\"\" role=\"img\" ><\/div>\n\t\t\t\t\t\t\t\t\t\t\t<div class=\"elementor-gallery-item__overlay\"><\/div>\n\t\t\t\t\t\t\t\t\t\t\t\t\t\t<\/div>\n\t\t\t\t\t\t\t<div class=\"e-gallery-item elementor-gallery-item elementor-animated-content\">\n\t\t\t\t\t<div class=\"e-gallery-image elementor-gallery-item__image\" data-thumbnail=\"https:\/\/www.robor-nature.nl\/wp-content\/uploads\/2022\/03\/WBE_20220105_0588-768x524.jpg\" data-width=\"768\" data-height=\"524\" aria-label=\"\" role=\"img\" ><\/div>\n\t\t\t\t\t\t\t\t\t\t\t<div class=\"elementor-gallery-item__overlay\"><\/div>\n\t\t\t\t\t\t\t\t\t\t\t\t\t\t<\/div>\n\t\t\t\t\t<\/div>\n\t\t\t\t\t<\/div>\n\t\t\t\t<\/div>\n\t\t\t\t\t<\/div>\n\t\t<\/div>\n\t\t\t\t\t<\/div>\n\t\t<\/section>\n\t\t\t\t<\/div>\n\t\t","protected":false},"excerpt":{"rendered":"<p>Jaula inteligente http:\/\/www.robor-nature.eu\/wp-content\/uploads\/2022\/04\/video.mp4 Jaula inteligente La rata almizclera y la rata cangilona son especies invasoras, lo que significa que no son aut\u00f3ctonas de los Pa\u00edses Bajos. Sin embargo, est\u00e1n presentes y causan muchos da\u00f1os a los diques y v\u00edas fluviales en pa\u00edses como los Pa\u00edses Bajos, Alemania y B\u00e9lgica. Por eso hay que combatirlas. Las [&hellip;]<\/p>\n","protected":false},"author":3,"featured_media":0,"parent":5495,"menu_order":0,"comment_status":"closed","ping_status":"closed","template":"elementor_header_footer","meta":{"footnotes":""},"class_list":["post-5523","page","type-page","status-publish","hentry"],"yoast_head":"<!-- This site is optimized with the Yoast SEO plugin v27.4 - https:\/\/yoast.com\/product\/yoast-seo-wordpress\/ -->\n<title>Jaula inteligente - Robor Nature<\/title>\n<meta name=\"robots\" content=\"index, follow, max-snippet:-1, max-image-preview:large, max-video-preview:-1\" \/>\n<link rel=\"canonical\" href=\"https:\/\/www.robor-nature.nl\/es\/soluciones\/jaula-inteligente\/\" \/>\n<meta property=\"og:locale\" content=\"es_ES\" \/>\n<meta property=\"og:type\" content=\"article\" \/>\n<meta property=\"og:title\" content=\"Jaula inteligente - Robor Nature\" \/>\n<meta property=\"og:description\" content=\"Jaula inteligente http:\/\/www.robor-nature.eu\/wp-content\/uploads\/2022\/04\/video.mp4 Jaula inteligente La rata almizclera y la rata cangilona son especies invasoras, lo que significa que no son aut\u00f3ctonas de los Pa\u00edses Bajos. Sin embargo, est\u00e1n presentes y causan muchos da\u00f1os a los diques y v\u00edas fluviales en pa\u00edses como los Pa\u00edses Bajos, Alemania y B\u00e9lgica. Por eso hay que combatirlas. Las [&hellip;]\" \/>\n<meta property=\"og:url\" content=\"https:\/\/www.robor-nature.nl\/es\/soluciones\/jaula-inteligente\/\" \/>\n<meta property=\"og:site_name\" content=\"Robor Nature\" \/>\n<meta property=\"article:modified_time\" content=\"2026-01-24T11:40:56+00:00\" \/>\n<meta name=\"twitter:card\" content=\"summary_large_image\" \/>\n<meta name=\"twitter:label1\" content=\"Tiempo de lectura\" \/>\n\t<meta name=\"twitter:data1\" content=\"1 minuto\" \/>\n<script type=\"application\/ld+json\" class=\"yoast-schema-graph\">{\"@context\":\"https:\\\/\\\/schema.org\",\"@graph\":[{\"@type\":\"WebPage\",\"@id\":\"https:\\\/\\\/www.robor-nature.nl\\\/es\\\/soluciones\\\/jaula-inteligente\\\/\",\"url\":\"https:\\\/\\\/www.robor-nature.nl\\\/es\\\/soluciones\\\/jaula-inteligente\\\/\",\"name\":\"Jaula inteligente - Robor Nature\",\"isPartOf\":{\"@id\":\"https:\\\/\\\/www.robor-nature.eu\\\/#website\"},\"datePublished\":\"2022-03-28T09:28:43+00:00\",\"dateModified\":\"2026-01-24T11:40:56+00:00\",\"breadcrumb\":{\"@id\":\"https:\\\/\\\/www.robor-nature.nl\\\/es\\\/soluciones\\\/jaula-inteligente\\\/#breadcrumb\"},\"inLanguage\":\"es\",\"potentialAction\":[{\"@type\":\"ReadAction\",\"target\":[\"https:\\\/\\\/www.robor-nature.nl\\\/es\\\/soluciones\\\/jaula-inteligente\\\/\"]}]},{\"@type\":\"BreadcrumbList\",\"@id\":\"https:\\\/\\\/www.robor-nature.nl\\\/es\\\/soluciones\\\/jaula-inteligente\\\/#breadcrumb\",\"itemListElement\":[{\"@type\":\"ListItem\",\"position\":1,\"name\":\"Home\",\"item\":\"https:\\\/\\\/www.robor-nature.eu\\\/es\\\/\"},{\"@type\":\"ListItem\",\"position\":2,\"name\":\"Soluciones\",\"item\":\"https:\\\/\\\/www.robor-nature.eu\\\/es\\\/soluciones\\\/\"},{\"@type\":\"ListItem\",\"position\":3,\"name\":\"Jaula inteligente\"}]},{\"@type\":\"WebSite\",\"@id\":\"https:\\\/\\\/www.robor-nature.eu\\\/#website\",\"url\":\"https:\\\/\\\/www.robor-nature.eu\\\/\",\"name\":\"Robor Nature\",\"description\":\"\",\"publisher\":{\"@id\":\"https:\\\/\\\/www.robor-nature.eu\\\/#organization\"},\"potentialAction\":[{\"@type\":\"SearchAction\",\"target\":{\"@type\":\"EntryPoint\",\"urlTemplate\":\"https:\\\/\\\/www.robor-nature.eu\\\/?s={search_term_string}\"},\"query-input\":{\"@type\":\"PropertyValueSpecification\",\"valueRequired\":true,\"valueName\":\"search_term_string\"}}],\"inLanguage\":\"es\"},{\"@type\":\"Organization\",\"@id\":\"https:\\\/\\\/www.robor-nature.eu\\\/#organization\",\"name\":\"Robor Nature\",\"url\":\"https:\\\/\\\/www.robor-nature.eu\\\/\",\"logo\":{\"@type\":\"ImageObject\",\"inLanguage\":\"es\",\"@id\":\"https:\\\/\\\/www.robor-nature.eu\\\/#\\\/schema\\\/logo\\\/image\\\/\",\"url\":\"https:\\\/\\\/www.robor-nature.nl\\\/wp-content\\\/uploads\\\/2021\\\/10\\\/cropped-Logo_Robor-300ppi-01.png\",\"contentUrl\":\"https:\\\/\\\/www.robor-nature.nl\\\/wp-content\\\/uploads\\\/2021\\\/10\\\/cropped-Logo_Robor-300ppi-01.png\",\"width\":240,\"height\":100,\"caption\":\"Robor Nature\"},\"image\":{\"@id\":\"https:\\\/\\\/www.robor-nature.eu\\\/#\\\/schema\\\/logo\\\/image\\\/\"}}]}<\/script>\n<!-- \/ Yoast SEO plugin. -->","yoast_head_json":{"title":"Jaula inteligente - Robor Nature","robots":{"index":"index","follow":"follow","max-snippet":"max-snippet:-1","max-image-preview":"max-image-preview:large","max-video-preview":"max-video-preview:-1"},"canonical":"https:\/\/www.robor-nature.nl\/es\/soluciones\/jaula-inteligente\/","og_locale":"es_ES","og_type":"article","og_title":"Jaula inteligente - Robor Nature","og_description":"Jaula inteligente http:\/\/www.robor-nature.eu\/wp-content\/uploads\/2022\/04\/video.mp4 Jaula inteligente La rata almizclera y la rata cangilona son especies invasoras, lo que significa que no son aut\u00f3ctonas de los Pa\u00edses Bajos. Sin embargo, est\u00e1n presentes y causan muchos da\u00f1os a los diques y v\u00edas fluviales en pa\u00edses como los Pa\u00edses Bajos, Alemania y B\u00e9lgica. Por eso hay que combatirlas. Las [&hellip;]","og_url":"https:\/\/www.robor-nature.nl\/es\/soluciones\/jaula-inteligente\/","og_site_name":"Robor Nature","article_modified_time":"2026-01-24T11:40:56+00:00","twitter_card":"summary_large_image","twitter_misc":{"Tiempo de lectura":"1 minuto"},"schema":{"@context":"https:\/\/schema.org","@graph":[{"@type":"WebPage","@id":"https:\/\/www.robor-nature.nl\/es\/soluciones\/jaula-inteligente\/","url":"https:\/\/www.robor-nature.nl\/es\/soluciones\/jaula-inteligente\/","name":"Jaula inteligente - Robor Nature","isPartOf":{"@id":"https:\/\/www.robor-nature.eu\/#website"},"datePublished":"2022-03-28T09:28:43+00:00","dateModified":"2026-01-24T11:40:56+00:00","breadcrumb":{"@id":"https:\/\/www.robor-nature.nl\/es\/soluciones\/jaula-inteligente\/#breadcrumb"},"inLanguage":"es","potentialAction":[{"@type":"ReadAction","target":["https:\/\/www.robor-nature.nl\/es\/soluciones\/jaula-inteligente\/"]}]},{"@type":"BreadcrumbList","@id":"https:\/\/www.robor-nature.nl\/es\/soluciones\/jaula-inteligente\/#breadcrumb","itemListElement":[{"@type":"ListItem","position":1,"name":"Home","item":"https:\/\/www.robor-nature.eu\/es\/"},{"@type":"ListItem","position":2,"name":"Soluciones","item":"https:\/\/www.robor-nature.eu\/es\/soluciones\/"},{"@type":"ListItem","position":3,"name":"Jaula inteligente"}]},{"@type":"WebSite","@id":"https:\/\/www.robor-nature.eu\/#website","url":"https:\/\/www.robor-nature.eu\/","name":"Robor Nature","description":"","publisher":{"@id":"https:\/\/www.robor-nature.eu\/#organization"},"potentialAction":[{"@type":"SearchAction","target":{"@type":"EntryPoint","urlTemplate":"https:\/\/www.robor-nature.eu\/?s={search_term_string}"},"query-input":{"@type":"PropertyValueSpecification","valueRequired":true,"valueName":"search_term_string"}}],"inLanguage":"es"},{"@type":"Organization","@id":"https:\/\/www.robor-nature.eu\/#organization","name":"Robor Nature","url":"https:\/\/www.robor-nature.eu\/","logo":{"@type":"ImageObject","inLanguage":"es","@id":"https:\/\/www.robor-nature.eu\/#\/schema\/logo\/image\/","url":"https:\/\/www.robor-nature.nl\/wp-content\/uploads\/2021\/10\/cropped-Logo_Robor-300ppi-01.png","contentUrl":"https:\/\/www.robor-nature.nl\/wp-content\/uploads\/2021\/10\/cropped-Logo_Robor-300ppi-01.png","width":240,"height":100,"caption":"Robor Nature"},"image":{"@id":"https:\/\/www.robor-nature.eu\/#\/schema\/logo\/image\/"}}]}},"_links":{"self":[{"href":"https:\/\/www.robor-nature.nl\/es\/wp-json\/wp\/v2\/pages\/5523","targetHints":{"allow":["GET"]}}],"collection":[{"href":"https:\/\/www.robor-nature.nl\/es\/wp-json\/wp\/v2\/pages"}],"about":[{"href":"https:\/\/www.robor-nature.nl\/es\/wp-json\/wp\/v2\/types\/page"}],"author":[{"embeddable":true,"href":"https:\/\/www.robor-nature.nl\/es\/wp-json\/wp\/v2\/users\/3"}],"replies":[{"embeddable":true,"href":"https:\/\/www.robor-nature.nl\/es\/wp-json\/wp\/v2\/comments?post=5523"}],"version-history":[{"count":3,"href":"https:\/\/www.robor-nature.nl\/es\/wp-json\/wp\/v2\/pages\/5523\/revisions"}],"predecessor-version":[{"id":5552,"href":"https:\/\/www.robor-nature.nl\/es\/wp-json\/wp\/v2\/pages\/5523\/revisions\/5552"}],"up":[{"embeddable":true,"href":"https:\/\/www.robor-nature.nl\/es\/wp-json\/wp\/v2\/pages\/5495"}],"wp:attachment":[{"href":"https:\/\/www.robor-nature.nl\/es\/wp-json\/wp\/v2\/media?parent=5523"}],"curies":[{"name":"wp","href":"https:\/\/api.w.org\/{rel}","templated":true}]}}