{"id":5513,"date":"2021-10-25T11:47:14","date_gmt":"2021-10-25T10:47:14","guid":{"rendered":"https:\/\/www.robor-nature.eu\/formacion\/"},"modified":"2026-01-24T12:07:30","modified_gmt":"2026-01-24T11:07:30","slug":"formacion","status":"publish","type":"page","link":"https:\/\/www.robor-nature.nl\/es\/formacion\/","title":{"rendered":"Formaci\u00f3n"},"content":{"rendered":"\t\t<div data-elementor-type=\"wp-page\" data-elementor-id=\"5513\" class=\"elementor elementor-5513 elementor-180\" data-elementor-post-type=\"page\">\n\t\t\t\t\t\t<section class=\"elementor-section elementor-top-section elementor-element elementor-element-2215420f elementor-section-height-min-height elementor-section-boxed elementor-section-height-default elementor-section-items-middle\" data-id=\"2215420f\" data-element_type=\"section\" data-e-type=\"section\" data-settings=\"{&quot;background_background&quot;:&quot;classic&quot;}\">\n\t\t\t\t\t\t\t<div class=\"elementor-background-overlay\"><\/div>\n\t\t\t\t\t\t\t<div class=\"elementor-container elementor-column-gap-default\">\n\t\t\t\t\t<div class=\"elementor-column elementor-col-100 elementor-top-column elementor-element elementor-element-140a97df\" data-id=\"140a97df\" data-element_type=\"column\" data-e-type=\"column\">\n\t\t\t<div class=\"elementor-widget-wrap elementor-element-populated\">\n\t\t\t\t\t\t<div class=\"elementor-element elementor-element-25fa23fd elementor-widget elementor-widget-heading\" data-id=\"25fa23fd\" data-element_type=\"widget\" data-e-type=\"widget\" data-widget_type=\"heading.default\">\n\t\t\t\t<div class=\"elementor-widget-container\">\n\t\t\t\t\t<h3 class=\"elementor-heading-title elementor-size-default\">Formaci\u00f3n<\/h3>\t\t\t\t<\/div>\n\t\t\t\t<\/div>\n\t\t\t\t<div class=\"elementor-element elementor-element-4d40560f elementor-widget-divider--view-line_icon elementor-view-default elementor-widget-divider--element-align-center elementor-widget elementor-widget-divider\" data-id=\"4d40560f\" data-element_type=\"widget\" data-e-type=\"widget\" data-widget_type=\"divider.default\">\n\t\t\t\t<div class=\"elementor-widget-container\">\n\t\t\t\t\t\t\t<div class=\"elementor-divider\">\n\t\t\t<span class=\"elementor-divider-separator\">\n\t\t\t\t\t\t\t<div class=\"elementor-icon elementor-divider__element\">\n\t\t\t\t\t<i aria-hidden=\"true\" class=\"fas fa-leaf\"><\/i><\/div>\n\t\t\t\t\t\t<\/span>\n\t\t<\/div>\n\t\t\t\t\t\t<\/div>\n\t\t\t\t<\/div>\n\t\t\t\t\t<\/div>\n\t\t<\/div>\n\t\t\t\t\t<\/div>\n\t\t<\/section>\n\t\t\t\t<section class=\"elementor-section elementor-top-section elementor-element elementor-element-7a640e2 elementor-section-boxed elementor-section-height-default elementor-section-height-default\" data-id=\"7a640e2\" data-element_type=\"section\" data-e-type=\"section\">\n\t\t\t\t\t\t<div class=\"elementor-container elementor-column-gap-default\">\n\t\t\t\t\t<div class=\"elementor-column elementor-col-50 elementor-top-column elementor-element elementor-element-fde562a\" data-id=\"fde562a\" data-element_type=\"column\" data-e-type=\"column\">\n\t\t\t<div class=\"elementor-widget-wrap elementor-element-populated\">\n\t\t\t\t\t\t<div class=\"elementor-element elementor-element-c11b464 elementor-widget elementor-widget-image\" data-id=\"c11b464\" data-element_type=\"widget\" data-e-type=\"widget\" data-widget_type=\"image.default\">\n\t\t\t\t<div class=\"elementor-widget-container\">\n\t\t\t\t\t\t\t\t\t\t\t\t\t\t\t<img fetchpriority=\"high\" decoding=\"async\" width=\"750\" height=\"563\" src=\"https:\/\/www.robor-nature.eu\/wp-content\/uploads\/2021\/11\/RN10-1.jpg\" class=\"attachment-full size-full wp-image-2808\" alt=\"\" srcset=\"https:\/\/www.robor-nature.eu\/wp-content\/uploads\/2021\/11\/RN10-1.jpg 750w, https:\/\/www.robor-nature.eu\/wp-content\/uploads\/2021\/11\/RN10-1-300x225.jpg 300w, https:\/\/www.robor-nature.eu\/wp-content\/uploads\/2021\/11\/RN10-1-1x1.jpg 1w\" sizes=\"(max-width: 750px) 100vw, 750px\" \/>\t\t\t\t\t\t\t\t\t\t\t\t\t\t\t<\/div>\n\t\t\t\t<\/div>\n\t\t\t\t\t<\/div>\n\t\t<\/div>\n\t\t\t\t<div class=\"elementor-column elementor-col-50 elementor-top-column elementor-element elementor-element-49a8db2\" data-id=\"49a8db2\" data-element_type=\"column\" data-e-type=\"column\">\n\t\t\t<div class=\"elementor-widget-wrap elementor-element-populated\">\n\t\t\t\t\t\t<div class=\"elementor-element elementor-element-9052bec elementor-widget elementor-widget-heading\" data-id=\"9052bec\" data-element_type=\"widget\" data-e-type=\"widget\" data-widget_type=\"heading.default\">\n\t\t\t\t<div class=\"elementor-widget-container\">\n\t\t\t\t\t<h1 class=\"elementor-heading-title elementor-size-default\">Formaci\u00f3n<\/h1>\t\t\t\t<\/div>\n\t\t\t\t<\/div>\n\t\t\t\t<div class=\"elementor-element elementor-element-36c189b elementor-widget-divider--view-line_icon elementor-view-default elementor-widget-divider--element-align-center elementor-widget elementor-widget-divider\" data-id=\"36c189b\" data-element_type=\"widget\" data-e-type=\"widget\" data-widget_type=\"divider.default\">\n\t\t\t\t<div class=\"elementor-widget-container\">\n\t\t\t\t\t\t\t<div class=\"elementor-divider\">\n\t\t\t<span class=\"elementor-divider-separator\">\n\t\t\t\t\t\t\t<div class=\"elementor-icon elementor-divider__element\">\n\t\t\t\t\t<i aria-hidden=\"true\" class=\"fas fa-leaf\"><\/i><\/div>\n\t\t\t\t\t\t<\/span>\n\t\t<\/div>\n\t\t\t\t\t\t<\/div>\n\t\t\t\t<\/div>\n\t\t\t\t<div class=\"elementor-element elementor-element-c806ac3 elementor-widget elementor-widget-text-editor\" data-id=\"c806ac3\" data-element_type=\"widget\" data-e-type=\"widget\" data-widget_type=\"text-editor.default\">\n\t\t\t\t<div class=\"elementor-widget-container\">\n\t\t\t\t\t\t\t\t\t<p>La formaci\u00f3n pr\u00e1ctica es un complemento importante de nuestros conceptos. Porque, \u00bfc\u00f3mo funciona el sistema y c\u00f3mo se utiliza correctamente? Cada formaci\u00f3n pr\u00e1ctica consta de una parte general y otra espec\u00edfica sobre el concepto adquirido.  <\/p>\n<p>\u00bfC\u00f3mo est\u00e1 compuesto el producto, el hardware y el software? Pero tambi\u00e9n, \u00bfc\u00f3mo se utiliza? \u00bfC\u00f3mo se vuela con el dron? Para ello utilizamos la formaci\u00f3n basada en escenarios.   <\/p>\n\t\t\t\t\t\t\t\t<\/div>\n\t\t\t\t<\/div>\n\t\t\t\t\t<\/div>\n\t\t<\/div>\n\t\t\t\t\t<\/div>\n\t\t<\/section>\n\t\t\t\t<section class=\"elementor-section elementor-top-section elementor-element elementor-element-71d3b0f elementor-section-boxed elementor-section-height-default elementor-section-height-default\" data-id=\"71d3b0f\" data-element_type=\"section\" data-e-type=\"section\" data-settings=\"{&quot;background_background&quot;:&quot;classic&quot;}\">\n\t\t\t\t\t\t<div class=\"elementor-container elementor-column-gap-default\">\n\t\t\t\t\t<div class=\"elementor-column elementor-col-100 elementor-top-column elementor-element elementor-element-7b6b087\" data-id=\"7b6b087\" data-element_type=\"column\" data-e-type=\"column\">\n\t\t\t<div class=\"elementor-widget-wrap elementor-element-populated\">\n\t\t\t\t\t\t<div class=\"elementor-element elementor-element-4d0e30e elementor-widget-divider--view-line elementor-widget elementor-widget-divider\" data-id=\"4d0e30e\" data-element_type=\"widget\" data-e-type=\"widget\" data-widget_type=\"divider.default\">\n\t\t\t\t<div class=\"elementor-widget-container\">\n\t\t\t\t\t\t\t<div class=\"elementor-divider\">\n\t\t\t<span class=\"elementor-divider-separator\">\n\t\t\t\t\t\t<\/span>\n\t\t<\/div>\n\t\t\t\t\t\t<\/div>\n\t\t\t\t<\/div>\n\t\t\t\t\t<\/div>\n\t\t<\/div>\n\t\t\t\t\t<\/div>\n\t\t<\/section>\n\t\t\t\t<section class=\"elementor-section elementor-top-section elementor-element elementor-element-5c49edf elementor-section-boxed elementor-section-height-default elementor-section-height-default\" data-id=\"5c49edf\" data-element_type=\"section\" data-e-type=\"section\">\n\t\t\t\t\t\t<div class=\"elementor-container elementor-column-gap-default\">\n\t\t\t\t\t<div class=\"elementor-column elementor-col-100 elementor-top-column elementor-element elementor-element-71e79ea\" data-id=\"71e79ea\" data-element_type=\"column\" data-e-type=\"column\">\n\t\t\t<div class=\"elementor-widget-wrap elementor-element-populated\">\n\t\t\t\t\t\t<div class=\"elementor-element elementor-element-d1a859f elementor-widget elementor-widget-heading\" data-id=\"d1a859f\" data-element_type=\"widget\" data-e-type=\"widget\" data-widget_type=\"heading.default\">\n\t\t\t\t<div class=\"elementor-widget-container\">\n\t\t\t\t\t<h2 class=\"elementor-heading-title elementor-size-default\">Entrenamiento de escenarios<\/h2>\t\t\t\t<\/div>\n\t\t\t\t<\/div>\n\t\t\t\t<div class=\"elementor-element elementor-element-b5b1f4a elementor-widget-divider--view-line_icon elementor-view-default elementor-widget-divider--element-align-center elementor-widget elementor-widget-divider\" data-id=\"b5b1f4a\" data-element_type=\"widget\" data-e-type=\"widget\" data-widget_type=\"divider.default\">\n\t\t\t\t<div class=\"elementor-widget-container\">\n\t\t\t\t\t\t\t<div class=\"elementor-divider\">\n\t\t\t<span class=\"elementor-divider-separator\">\n\t\t\t\t\t\t\t<div class=\"elementor-icon elementor-divider__element\">\n\t\t\t\t\t<i aria-hidden=\"true\" class=\"fas fa-leaf\"><\/i><\/div>\n\t\t\t\t\t\t<\/span>\n\t\t<\/div>\n\t\t\t\t\t\t<\/div>\n\t\t\t\t<\/div>\n\t\t\t\t\t<\/div>\n\t\t<\/div>\n\t\t\t\t\t<\/div>\n\t\t<\/section>\n\t\t\t\t<section class=\"elementor-section elementor-top-section elementor-element elementor-element-0ef1a79 elementor-section-boxed elementor-section-height-default elementor-section-height-default\" data-id=\"0ef1a79\" data-element_type=\"section\" data-e-type=\"section\">\n\t\t\t\t\t\t<div class=\"elementor-container elementor-column-gap-default\">\n\t\t\t\t\t<div class=\"elementor-column elementor-col-50 elementor-top-column elementor-element elementor-element-73cec42\" data-id=\"73cec42\" data-element_type=\"column\" data-e-type=\"column\">\n\t\t\t<div class=\"elementor-widget-wrap elementor-element-populated\">\n\t\t\t\t\t\t<div class=\"elementor-element elementor-element-83e7d58 elementor-widget elementor-widget-text-editor\" data-id=\"83e7d58\" data-element_type=\"widget\" data-e-type=\"widget\" data-widget_type=\"text-editor.default\">\n\t\t\t\t<div class=\"elementor-widget-container\">\n\t\t\t\t\t\t\t\t\t<p>No solo te ense\u00f1amos a volar el dron, sino tambi\u00e9n c\u00f3mo utilizarlo espec\u00edficamente para tu objetivo. Esto significa que en el curso sobre cervatillos aprender\u00e1s a utilizar el Faunadrone para buscar cervatillos. En el curso sobre aves de pastizal utilizamos nidos de entrenamiento para que aprendas en la pr\u00e1ctica c\u00f3mo encontrarlos.  <\/p>\n\t\t\t\t\t\t\t\t<\/div>\n\t\t\t\t<\/div>\n\t\t\t\t\t<\/div>\n\t\t<\/div>\n\t\t\t\t<div class=\"elementor-column elementor-col-50 elementor-top-column elementor-element elementor-element-5ff65b1\" data-id=\"5ff65b1\" data-element_type=\"column\" data-e-type=\"column\">\n\t\t\t<div class=\"elementor-widget-wrap elementor-element-populated\">\n\t\t\t\t\t\t<div class=\"elementor-element elementor-element-a1e2e2f elementor-widget elementor-widget-text-editor\" data-id=\"a1e2e2f\" data-element_type=\"widget\" data-e-type=\"widget\" data-widget_type=\"text-editor.default\">\n\t\t\t\t<div class=\"elementor-widget-container\">\n\t\t\t\t\t\t\t\t\t<p>Los cursos son pr\u00e1cticos y recibir\u00e1s todo tipo de consejos y trucos \u00fatiles para su uso. Contamos con una magn\u00edfica ubicaci\u00f3n donde podemos recrear y simular diferentes situaciones de entrenamiento. Con 10 a\u00f1os de experiencia pr\u00e1ctica, podemos ofrecerte una formaci\u00f3n profesional y especializada para que puedas sacar el m\u00e1ximo partido a tu dron.  <\/p>\n\t\t\t\t\t\t\t\t<\/div>\n\t\t\t\t<\/div>\n\t\t\t\t\t<\/div>\n\t\t<\/div>\n\t\t\t\t\t<\/div>\n\t\t<\/section>\n\t\t\t\t<\/div>\n\t\t","protected":false},"excerpt":{"rendered":"<p>Formaci\u00f3n Formaci\u00f3n La formaci\u00f3n pr\u00e1ctica es un complemento importante de nuestros conceptos. Porque, \u00bfc\u00f3mo funciona el sistema y c\u00f3mo se utiliza correctamente? Cada formaci\u00f3n pr\u00e1ctica consta de una parte general y otra espec\u00edfica sobre el concepto adquirido. \u00bfC\u00f3mo est\u00e1 compuesto el producto, el hardware y el software? Pero tambi\u00e9n, \u00bfc\u00f3mo se utiliza? \u00bfC\u00f3mo se vuela [&hellip;]<\/p>\n","protected":false},"author":3,"featured_media":0,"parent":0,"menu_order":0,"comment_status":"closed","ping_status":"closed","template":"elementor_header_footer","meta":{"footnotes":""},"class_list":["post-5513","page","type-page","status-publish","hentry"],"yoast_head":"<!-- This site is optimized with the Yoast SEO plugin v27.4 - https:\/\/yoast.com\/product\/yoast-seo-wordpress\/ -->\n<title>Formaci\u00f3n - Robor Nature<\/title>\n<meta name=\"robots\" content=\"index, follow, max-snippet:-1, max-image-preview:large, max-video-preview:-1\" \/>\n<link rel=\"canonical\" href=\"https:\/\/www.robor-nature.nl\/es\/formacion\/\" \/>\n<meta property=\"og:locale\" content=\"es_ES\" \/>\n<meta property=\"og:type\" content=\"article\" \/>\n<meta property=\"og:title\" content=\"Formaci\u00f3n - Robor Nature\" \/>\n<meta property=\"og:description\" content=\"Formaci\u00f3n Formaci\u00f3n La formaci\u00f3n pr\u00e1ctica es un complemento importante de nuestros conceptos. Porque, \u00bfc\u00f3mo funciona el sistema y c\u00f3mo se utiliza correctamente? Cada formaci\u00f3n pr\u00e1ctica consta de una parte general y otra espec\u00edfica sobre el concepto adquirido. \u00bfC\u00f3mo est\u00e1 compuesto el producto, el hardware y el software? Pero tambi\u00e9n, \u00bfc\u00f3mo se utiliza? \u00bfC\u00f3mo se vuela [&hellip;]\" \/>\n<meta property=\"og:url\" content=\"https:\/\/www.robor-nature.nl\/es\/formacion\/\" \/>\n<meta property=\"og:site_name\" content=\"Robor Nature\" \/>\n<meta property=\"article:modified_time\" content=\"2026-01-24T11:07:30+00:00\" \/>\n<meta property=\"og:image\" content=\"https:\/\/www.robor-nature.eu\/wp-content\/uploads\/2021\/11\/RN10-1.jpg\" \/>\n<meta name=\"twitter:card\" content=\"summary_large_image\" \/>\n<meta name=\"twitter:label1\" content=\"Tiempo de lectura\" \/>\n\t<meta name=\"twitter:data1\" content=\"1 minuto\" \/>\n<script type=\"application\/ld+json\" class=\"yoast-schema-graph\">{\"@context\":\"https:\\\/\\\/schema.org\",\"@graph\":[{\"@type\":\"WebPage\",\"@id\":\"https:\\\/\\\/www.robor-nature.nl\\\/es\\\/formacion\\\/\",\"url\":\"https:\\\/\\\/www.robor-nature.nl\\\/es\\\/formacion\\\/\",\"name\":\"Formaci\u00f3n - Robor Nature\",\"isPartOf\":{\"@id\":\"https:\\\/\\\/www.robor-nature.eu\\\/#website\"},\"primaryImageOfPage\":{\"@id\":\"https:\\\/\\\/www.robor-nature.nl\\\/es\\\/formacion\\\/#primaryimage\"},\"image\":{\"@id\":\"https:\\\/\\\/www.robor-nature.nl\\\/es\\\/formacion\\\/#primaryimage\"},\"thumbnailUrl\":\"https:\\\/\\\/www.robor-nature.eu\\\/wp-content\\\/uploads\\\/2021\\\/11\\\/RN10-1.jpg\",\"datePublished\":\"2021-10-25T10:47:14+00:00\",\"dateModified\":\"2026-01-24T11:07:30+00:00\",\"breadcrumb\":{\"@id\":\"https:\\\/\\\/www.robor-nature.nl\\\/es\\\/formacion\\\/#breadcrumb\"},\"inLanguage\":\"es\",\"potentialAction\":[{\"@type\":\"ReadAction\",\"target\":[\"https:\\\/\\\/www.robor-nature.nl\\\/es\\\/formacion\\\/\"]}]},{\"@type\":\"ImageObject\",\"inLanguage\":\"es\",\"@id\":\"https:\\\/\\\/www.robor-nature.nl\\\/es\\\/formacion\\\/#primaryimage\",\"url\":\"https:\\\/\\\/www.robor-nature.eu\\\/wp-content\\\/uploads\\\/2021\\\/11\\\/RN10-1.jpg\",\"contentUrl\":\"https:\\\/\\\/www.robor-nature.eu\\\/wp-content\\\/uploads\\\/2021\\\/11\\\/RN10-1.jpg\"},{\"@type\":\"BreadcrumbList\",\"@id\":\"https:\\\/\\\/www.robor-nature.nl\\\/es\\\/formacion\\\/#breadcrumb\",\"itemListElement\":[{\"@type\":\"ListItem\",\"position\":1,\"name\":\"Home\",\"item\":\"https:\\\/\\\/www.robor-nature.eu\\\/es\\\/\"},{\"@type\":\"ListItem\",\"position\":2,\"name\":\"Formaci\u00f3n\"}]},{\"@type\":\"WebSite\",\"@id\":\"https:\\\/\\\/www.robor-nature.eu\\\/#website\",\"url\":\"https:\\\/\\\/www.robor-nature.eu\\\/\",\"name\":\"Robor Nature\",\"description\":\"\",\"publisher\":{\"@id\":\"https:\\\/\\\/www.robor-nature.eu\\\/#organization\"},\"potentialAction\":[{\"@type\":\"SearchAction\",\"target\":{\"@type\":\"EntryPoint\",\"urlTemplate\":\"https:\\\/\\\/www.robor-nature.eu\\\/?s={search_term_string}\"},\"query-input\":{\"@type\":\"PropertyValueSpecification\",\"valueRequired\":true,\"valueName\":\"search_term_string\"}}],\"inLanguage\":\"es\"},{\"@type\":\"Organization\",\"@id\":\"https:\\\/\\\/www.robor-nature.eu\\\/#organization\",\"name\":\"Robor Nature\",\"url\":\"https:\\\/\\\/www.robor-nature.eu\\\/\",\"logo\":{\"@type\":\"ImageObject\",\"inLanguage\":\"es\",\"@id\":\"https:\\\/\\\/www.robor-nature.eu\\\/#\\\/schema\\\/logo\\\/image\\\/\",\"url\":\"https:\\\/\\\/www.robor-nature.nl\\\/wp-content\\\/uploads\\\/2021\\\/10\\\/cropped-Logo_Robor-300ppi-01.png\",\"contentUrl\":\"https:\\\/\\\/www.robor-nature.nl\\\/wp-content\\\/uploads\\\/2021\\\/10\\\/cropped-Logo_Robor-300ppi-01.png\",\"width\":240,\"height\":100,\"caption\":\"Robor Nature\"},\"image\":{\"@id\":\"https:\\\/\\\/www.robor-nature.eu\\\/#\\\/schema\\\/logo\\\/image\\\/\"}}]}<\/script>\n<!-- \/ Yoast SEO plugin. -->","yoast_head_json":{"title":"Formaci\u00f3n - Robor Nature","robots":{"index":"index","follow":"follow","max-snippet":"max-snippet:-1","max-image-preview":"max-image-preview:large","max-video-preview":"max-video-preview:-1"},"canonical":"https:\/\/www.robor-nature.nl\/es\/formacion\/","og_locale":"es_ES","og_type":"article","og_title":"Formaci\u00f3n - Robor Nature","og_description":"Formaci\u00f3n Formaci\u00f3n La formaci\u00f3n pr\u00e1ctica es un complemento importante de nuestros conceptos. Porque, \u00bfc\u00f3mo funciona el sistema y c\u00f3mo se utiliza correctamente? Cada formaci\u00f3n pr\u00e1ctica consta de una parte general y otra espec\u00edfica sobre el concepto adquirido. \u00bfC\u00f3mo est\u00e1 compuesto el producto, el hardware y el software? Pero tambi\u00e9n, \u00bfc\u00f3mo se utiliza? \u00bfC\u00f3mo se vuela [&hellip;]","og_url":"https:\/\/www.robor-nature.nl\/es\/formacion\/","og_site_name":"Robor Nature","article_modified_time":"2026-01-24T11:07:30+00:00","og_image":[{"url":"https:\/\/www.robor-nature.eu\/wp-content\/uploads\/2021\/11\/RN10-1.jpg","type":"","width":"","height":""}],"twitter_card":"summary_large_image","twitter_misc":{"Tiempo de lectura":"1 minuto"},"schema":{"@context":"https:\/\/schema.org","@graph":[{"@type":"WebPage","@id":"https:\/\/www.robor-nature.nl\/es\/formacion\/","url":"https:\/\/www.robor-nature.nl\/es\/formacion\/","name":"Formaci\u00f3n - Robor Nature","isPartOf":{"@id":"https:\/\/www.robor-nature.eu\/#website"},"primaryImageOfPage":{"@id":"https:\/\/www.robor-nature.nl\/es\/formacion\/#primaryimage"},"image":{"@id":"https:\/\/www.robor-nature.nl\/es\/formacion\/#primaryimage"},"thumbnailUrl":"https:\/\/www.robor-nature.eu\/wp-content\/uploads\/2021\/11\/RN10-1.jpg","datePublished":"2021-10-25T10:47:14+00:00","dateModified":"2026-01-24T11:07:30+00:00","breadcrumb":{"@id":"https:\/\/www.robor-nature.nl\/es\/formacion\/#breadcrumb"},"inLanguage":"es","potentialAction":[{"@type":"ReadAction","target":["https:\/\/www.robor-nature.nl\/es\/formacion\/"]}]},{"@type":"ImageObject","inLanguage":"es","@id":"https:\/\/www.robor-nature.nl\/es\/formacion\/#primaryimage","url":"https:\/\/www.robor-nature.eu\/wp-content\/uploads\/2021\/11\/RN10-1.jpg","contentUrl":"https:\/\/www.robor-nature.eu\/wp-content\/uploads\/2021\/11\/RN10-1.jpg"},{"@type":"BreadcrumbList","@id":"https:\/\/www.robor-nature.nl\/es\/formacion\/#breadcrumb","itemListElement":[{"@type":"ListItem","position":1,"name":"Home","item":"https:\/\/www.robor-nature.eu\/es\/"},{"@type":"ListItem","position":2,"name":"Formaci\u00f3n"}]},{"@type":"WebSite","@id":"https:\/\/www.robor-nature.eu\/#website","url":"https:\/\/www.robor-nature.eu\/","name":"Robor Nature","description":"","publisher":{"@id":"https:\/\/www.robor-nature.eu\/#organization"},"potentialAction":[{"@type":"SearchAction","target":{"@type":"EntryPoint","urlTemplate":"https:\/\/www.robor-nature.eu\/?s={search_term_string}"},"query-input":{"@type":"PropertyValueSpecification","valueRequired":true,"valueName":"search_term_string"}}],"inLanguage":"es"},{"@type":"Organization","@id":"https:\/\/www.robor-nature.eu\/#organization","name":"Robor Nature","url":"https:\/\/www.robor-nature.eu\/","logo":{"@type":"ImageObject","inLanguage":"es","@id":"https:\/\/www.robor-nature.eu\/#\/schema\/logo\/image\/","url":"https:\/\/www.robor-nature.nl\/wp-content\/uploads\/2021\/10\/cropped-Logo_Robor-300ppi-01.png","contentUrl":"https:\/\/www.robor-nature.nl\/wp-content\/uploads\/2021\/10\/cropped-Logo_Robor-300ppi-01.png","width":240,"height":100,"caption":"Robor Nature"},"image":{"@id":"https:\/\/www.robor-nature.eu\/#\/schema\/logo\/image\/"}}]}},"_links":{"self":[{"href":"https:\/\/www.robor-nature.nl\/es\/wp-json\/wp\/v2\/pages\/5513","targetHints":{"allow":["GET"]}}],"collection":[{"href":"https:\/\/www.robor-nature.nl\/es\/wp-json\/wp\/v2\/pages"}],"about":[{"href":"https:\/\/www.robor-nature.nl\/es\/wp-json\/wp\/v2\/types\/page"}],"author":[{"embeddable":true,"href":"https:\/\/www.robor-nature.nl\/es\/wp-json\/wp\/v2\/users\/3"}],"replies":[{"embeddable":true,"href":"https:\/\/www.robor-nature.nl\/es\/wp-json\/wp\/v2\/comments?post=5513"}],"version-history":[{"count":3,"href":"https:\/\/www.robor-nature.nl\/es\/wp-json\/wp\/v2\/pages\/5513\/revisions"}],"predecessor-version":[{"id":5516,"href":"https:\/\/www.robor-nature.nl\/es\/wp-json\/wp\/v2\/pages\/5513\/revisions\/5516"}],"wp:attachment":[{"href":"https:\/\/www.robor-nature.nl\/es\/wp-json\/wp\/v2\/media?parent=5513"}],"curies":[{"name":"wp","href":"https:\/\/api.w.org\/{rel}","templated":true}]}}