{"id":4101,"date":"2022-03-28T10:28:43","date_gmt":"2022-03-28T09:28:43","guid":{"rendered":"http:\/\/3.70.206.38\/loesungen\/intelligenter-kaefig\/"},"modified":"2024-10-14T12:00:57","modified_gmt":"2024-10-14T11:00:57","slug":"intelligenter-kaefig","status":"publish","type":"page","link":"https:\/\/www.robor-nature.nl\/de\/loesungen\/intelligenter-kaefig\/","title":{"rendered":"intelligenter K\u00e4fig"},"content":{"rendered":"\t\t<div data-elementor-type=\"wp-page\" data-elementor-id=\"4101\" class=\"elementor elementor-4101 elementor-3563\" data-elementor-post-type=\"page\">\n\t\t\t\t\t\t<section class=\"elementor-section elementor-top-section elementor-element elementor-element-0e4d4c7 elementor-section-height-min-height elementor-section-boxed elementor-section-height-default elementor-section-items-middle\" data-id=\"0e4d4c7\" data-element_type=\"section\" data-e-type=\"section\" data-settings=\"{&quot;background_background&quot;:&quot;classic&quot;}\">\n\t\t\t\t\t\t\t<div class=\"elementor-background-overlay\"><\/div>\n\t\t\t\t\t\t\t<div class=\"elementor-container elementor-column-gap-default\">\n\t\t\t\t\t<div class=\"elementor-column elementor-col-100 elementor-top-column elementor-element elementor-element-97ddca3\" data-id=\"97ddca3\" data-element_type=\"column\" data-e-type=\"column\">\n\t\t\t<div class=\"elementor-widget-wrap elementor-element-populated\">\n\t\t\t\t\t\t<div class=\"elementor-element elementor-element-d702329 elementor-widget elementor-widget-heading\" data-id=\"d702329\" data-element_type=\"widget\" data-e-type=\"widget\" data-widget_type=\"heading.default\">\n\t\t\t\t<div class=\"elementor-widget-container\">\n\t\t\t\t\t<h3 class=\"elementor-heading-title elementor-size-default\">Intelligenter K\u00e4fig<\/h3>\t\t\t\t<\/div>\n\t\t\t\t<\/div>\n\t\t\t\t<div class=\"elementor-element elementor-element-6b80305 elementor-widget-divider--view-line_icon elementor-view-default elementor-widget-divider--element-align-center elementor-widget elementor-widget-divider\" data-id=\"6b80305\" data-element_type=\"widget\" data-e-type=\"widget\" data-widget_type=\"divider.default\">\n\t\t\t\t<div class=\"elementor-widget-container\">\n\t\t\t\t\t\t\t<div class=\"elementor-divider\">\n\t\t\t<span class=\"elementor-divider-separator\">\n\t\t\t\t\t\t\t<div class=\"elementor-icon elementor-divider__element\">\n\t\t\t\t\t<i aria-hidden=\"true\" class=\"fab fa-canadian-maple-leaf\"><\/i><\/div>\n\t\t\t\t\t\t<\/span>\n\t\t<\/div>\n\t\t\t\t\t\t<\/div>\n\t\t\t\t<\/div>\n\t\t\t\t\t<\/div>\n\t\t<\/div>\n\t\t\t\t\t<\/div>\n\t\t<\/section>\n\t\t\t\t<section class=\"elementor-section elementor-top-section elementor-element elementor-element-fe03842 elementor-section-boxed elementor-section-height-default elementor-section-height-default\" data-id=\"fe03842\" data-element_type=\"section\" data-e-type=\"section\" data-settings=\"{&quot;background_background&quot;:&quot;classic&quot;}\">\n\t\t\t\t\t\t<div class=\"elementor-container elementor-column-gap-default\">\n\t\t\t\t\t<div class=\"elementor-column elementor-col-50 elementor-top-column elementor-element elementor-element-d182b4d\" data-id=\"d182b4d\" data-element_type=\"column\" data-e-type=\"column\">\n\t\t\t<div class=\"elementor-widget-wrap elementor-element-populated\">\n\t\t\t\t\t\t<div class=\"elementor-element elementor-element-66a8d6c elementor-widget elementor-widget-video\" data-id=\"66a8d6c\" data-element_type=\"widget\" data-e-type=\"widget\" data-settings=\"{&quot;video_type&quot;:&quot;hosted&quot;,&quot;controls&quot;:&quot;yes&quot;}\" data-widget_type=\"video.default\">\n\t\t\t\t<div class=\"elementor-widget-container\">\n\t\t\t\t\t\t\t<div class=\"e-hosted-video elementor-wrapper elementor-open-inline\">\n\t\t\t\t\t<video class=\"elementor-video\" src=\"http:\/\/www.robor-nature.eu\/wp-content\/uploads\/2022\/04\/video.mp4\" controls=\"\" preload=\"metadata\" controlsList=\"nodownload\"><\/video>\n\t\t\t\t<\/div>\n\t\t\t\t\t\t<\/div>\n\t\t\t\t<\/div>\n\t\t\t\t\t<\/div>\n\t\t<\/div>\n\t\t\t\t<div class=\"elementor-column elementor-col-50 elementor-top-column elementor-element elementor-element-ba0303d\" data-id=\"ba0303d\" data-element_type=\"column\" data-e-type=\"column\">\n\t\t\t<div class=\"elementor-widget-wrap elementor-element-populated\">\n\t\t\t\t\t\t<div class=\"elementor-element elementor-element-a00b973 elementor-widget elementor-widget-heading\" data-id=\"a00b973\" data-element_type=\"widget\" data-e-type=\"widget\" data-widget_type=\"heading.default\">\n\t\t\t\t<div class=\"elementor-widget-container\">\n\t\t\t\t\t<h2 class=\"elementor-heading-title elementor-size-default\">Intelligenter K\u00e4fig<\/h2>\t\t\t\t<\/div>\n\t\t\t\t<\/div>\n\t\t\t\t<div class=\"elementor-element elementor-element-77a88ed elementor-widget elementor-widget-text-editor\" data-id=\"77a88ed\" data-element_type=\"widget\" data-e-type=\"widget\" data-widget_type=\"text-editor.default\">\n\t\t\t\t<div class=\"elementor-widget-container\">\n\t\t\t\t\t\t\t\t\t<p>Bisamratte und Biberratte sind invasive Arten, was bedeutet, dass sie in den Niederlanden nicht nat\u00fcrlich vorkommen. Sie sind jedoch hier und verursachen unter anderem in den Niederlanden, Deutschland und Belgien gro\u00dfe Sch\u00e4den an den Deichen und Wasserstra\u00dfen. Deshalb m\u00fcssen diese Tiere bek\u00e4mpft werden. Bisamratten werden lebendig gefangen, und das ist eine zeitraubende T\u00e4tigkeit.<\/p><p>Die derzeitigen Fangk\u00e4fige, in denen Bisamratten gefangen werden, m\u00fcssen alle 24 Stunden inspiziert werden. Auch andere (gesch\u00fctzte) Tiere k\u00f6nnen in die Falle geraten, und es ist wichtig, dass diese Tiere so schnell wie m\u00f6glich wieder freigelassen werden. Aus diesem Grund haben wir von Robor Nature den intelligenten K\u00e4fig entwickelt. Der intelligente K\u00e4fig arbeitet mit einem \u00e4u\u00dferst intelligenten Erkennungssystem, das ungewollte F\u00e4nge herausfiltert. So schlie\u00dft sich die T\u00fcr des K\u00e4figs nur, wenn sich eine Bisamratte oder Biberratte darin befindet, und die T\u00fcr bleibt offen, wenn andere Tiere gefangen werden.<\/p>\t\t\t\t\t\t\t\t<\/div>\n\t\t\t\t<\/div>\n\t\t\t\t\t<\/div>\n\t\t<\/div>\n\t\t\t\t\t<\/div>\n\t\t<\/section>\n\t\t\t\t<section class=\"elementor-section elementor-top-section elementor-element elementor-element-045aaa9 elementor-section-boxed elementor-section-height-default elementor-section-height-default\" data-id=\"045aaa9\" data-element_type=\"section\" data-e-type=\"section\" data-settings=\"{&quot;background_background&quot;:&quot;classic&quot;}\">\n\t\t\t\t\t\t<div class=\"elementor-container elementor-column-gap-default\">\n\t\t\t\t\t<div class=\"elementor-column elementor-col-100 elementor-top-column elementor-element elementor-element-8a86a40\" data-id=\"8a86a40\" data-element_type=\"column\" data-e-type=\"column\">\n\t\t\t<div class=\"elementor-widget-wrap elementor-element-populated\">\n\t\t\t\t\t\t<div class=\"elementor-element elementor-element-3fd7ff5 elementor-widget elementor-widget-gallery\" data-id=\"3fd7ff5\" data-element_type=\"widget\" data-e-type=\"widget\" data-settings=\"{&quot;aspect_ratio&quot;:&quot;1:1&quot;,&quot;lazyload&quot;:&quot;yes&quot;,&quot;gallery_layout&quot;:&quot;grid&quot;,&quot;columns&quot;:4,&quot;columns_tablet&quot;:2,&quot;columns_mobile&quot;:1,&quot;gap&quot;:{&quot;unit&quot;:&quot;px&quot;,&quot;size&quot;:10,&quot;sizes&quot;:[]},&quot;gap_tablet&quot;:{&quot;unit&quot;:&quot;px&quot;,&quot;size&quot;:10,&quot;sizes&quot;:[]},&quot;gap_mobile&quot;:{&quot;unit&quot;:&quot;px&quot;,&quot;size&quot;:10,&quot;sizes&quot;:[]},&quot;overlay_background&quot;:&quot;yes&quot;,&quot;content_hover_animation&quot;:&quot;fade-in&quot;}\" data-widget_type=\"gallery.default\">\n\t\t\t\t<div class=\"elementor-widget-container\">\n\t\t\t\t\t\t\t<div class=\"elementor-gallery__container\">\n\t\t\t\t\t\t\t<div class=\"e-gallery-item elementor-gallery-item elementor-animated-content\">\n\t\t\t\t\t<div class=\"e-gallery-image elementor-gallery-item__image\" data-thumbnail=\"https:\/\/www.robor-nature.nl\/wp-content\/uploads\/2022\/03\/IMG_0209-768x576.jpg\" data-width=\"768\" data-height=\"576\" aria-label=\"\" role=\"img\" ><\/div>\n\t\t\t\t\t\t\t\t\t\t\t<div class=\"elementor-gallery-item__overlay\"><\/div>\n\t\t\t\t\t\t\t\t\t\t\t\t\t\t<\/div>\n\t\t\t\t\t\t\t<div class=\"e-gallery-item elementor-gallery-item elementor-animated-content\">\n\t\t\t\t\t<div class=\"e-gallery-image elementor-gallery-item__image\" data-thumbnail=\"https:\/\/www.robor-nature.nl\/wp-content\/uploads\/2022\/03\/IMAG0236-768x492.jpg\" data-width=\"768\" data-height=\"492\" aria-label=\"\" role=\"img\" ><\/div>\n\t\t\t\t\t\t\t\t\t\t\t<div class=\"elementor-gallery-item__overlay\"><\/div>\n\t\t\t\t\t\t\t\t\t\t\t\t\t\t<\/div>\n\t\t\t\t\t\t\t<div class=\"e-gallery-item elementor-gallery-item elementor-animated-content\">\n\t\t\t\t\t<div class=\"e-gallery-image elementor-gallery-item__image\" data-thumbnail=\"https:\/\/www.robor-nature.nl\/wp-content\/uploads\/2022\/03\/1-768x541.jpg\" data-width=\"768\" data-height=\"541\" aria-label=\"\" role=\"img\" ><\/div>\n\t\t\t\t\t\t\t\t\t\t\t<div class=\"elementor-gallery-item__overlay\"><\/div>\n\t\t\t\t\t\t\t\t\t\t\t\t\t\t<\/div>\n\t\t\t\t\t\t\t<div class=\"e-gallery-item elementor-gallery-item elementor-animated-content\">\n\t\t\t\t\t<div class=\"e-gallery-image elementor-gallery-item__image\" data-thumbnail=\"https:\/\/www.robor-nature.nl\/wp-content\/uploads\/2022\/03\/WBE_20220105_0588-768x524.jpg\" data-width=\"768\" data-height=\"524\" aria-label=\"\" role=\"img\" ><\/div>\n\t\t\t\t\t\t\t\t\t\t\t<div class=\"elementor-gallery-item__overlay\"><\/div>\n\t\t\t\t\t\t\t\t\t\t\t\t\t\t<\/div>\n\t\t\t\t\t<\/div>\n\t\t\t\t\t<\/div>\n\t\t\t\t<\/div>\n\t\t\t\t\t<\/div>\n\t\t<\/div>\n\t\t\t\t\t<\/div>\n\t\t<\/section>\n\t\t\t\t<\/div>\n\t\t","protected":false},"excerpt":{"rendered":"<p>Intelligenter K\u00e4fig http:\/\/www.robor-nature.eu\/wp-content\/uploads\/2022\/04\/video.mp4 Intelligenter K\u00e4fig Bisamratte und Biberratte sind invasive Arten, was bedeutet, dass sie in den Niederlanden nicht nat\u00fcrlich vorkommen. Sie sind jedoch hier und verursachen unter anderem in den Niederlanden, Deutschland und Belgien gro\u00dfe Sch\u00e4den an den Deichen und Wasserstra\u00dfen. Deshalb m\u00fcssen diese Tiere bek\u00e4mpft werden. Bisamratten werden lebendig gefangen, und das ist [&hellip;]<\/p>\n","protected":false},"author":3,"featured_media":0,"parent":4016,"menu_order":0,"comment_status":"closed","ping_status":"closed","template":"elementor_header_footer","meta":{"footnotes":""},"class_list":["post-4101","page","type-page","status-publish","hentry"],"yoast_head":"<!-- This site is optimized with the Yoast SEO plugin v27.4 - https:\/\/yoast.com\/product\/yoast-seo-wordpress\/ -->\n<title>intelligenter K\u00e4fig - Robor Nature<\/title>\n<meta name=\"robots\" content=\"index, follow, max-snippet:-1, max-image-preview:large, max-video-preview:-1\" \/>\n<link rel=\"canonical\" href=\"https:\/\/www.robor-nature.nl\/de\/loesungen\/intelligenter-kaefig\/\" \/>\n<meta property=\"og:locale\" content=\"de_DE\" \/>\n<meta property=\"og:type\" content=\"article\" \/>\n<meta property=\"og:title\" content=\"intelligenter K\u00e4fig - Robor Nature\" \/>\n<meta property=\"og:description\" content=\"Intelligenter K\u00e4fig http:\/\/www.robor-nature.eu\/wp-content\/uploads\/2022\/04\/video.mp4 Intelligenter K\u00e4fig Bisamratte und Biberratte sind invasive Arten, was bedeutet, dass sie in den Niederlanden nicht nat\u00fcrlich vorkommen. Sie sind jedoch hier und verursachen unter anderem in den Niederlanden, Deutschland und Belgien gro\u00dfe Sch\u00e4den an den Deichen und Wasserstra\u00dfen. Deshalb m\u00fcssen diese Tiere bek\u00e4mpft werden. Bisamratten werden lebendig gefangen, und das ist [&hellip;]\" \/>\n<meta property=\"og:url\" content=\"https:\/\/www.robor-nature.nl\/de\/loesungen\/intelligenter-kaefig\/\" \/>\n<meta property=\"og:site_name\" content=\"Robor Nature\" \/>\n<meta property=\"article:modified_time\" content=\"2024-10-14T11:00:57+00:00\" \/>\n<meta name=\"twitter:card\" content=\"summary_large_image\" \/>\n<meta name=\"twitter:label1\" content=\"Gesch\u00e4tzte Lesezeit\" \/>\n\t<meta name=\"twitter:data1\" content=\"1\u00a0Minute\" \/>\n<script type=\"application\/ld+json\" class=\"yoast-schema-graph\">{\"@context\":\"https:\\\/\\\/schema.org\",\"@graph\":[{\"@type\":\"WebPage\",\"@id\":\"https:\\\/\\\/www.robor-nature.nl\\\/de\\\/loesungen\\\/intelligenter-kaefig\\\/\",\"url\":\"https:\\\/\\\/www.robor-nature.nl\\\/de\\\/loesungen\\\/intelligenter-kaefig\\\/\",\"name\":\"intelligenter K\u00e4fig - Robor Nature\",\"isPartOf\":{\"@id\":\"https:\\\/\\\/www.robor-nature.eu\\\/#website\"},\"datePublished\":\"2022-03-28T09:28:43+00:00\",\"dateModified\":\"2024-10-14T11:00:57+00:00\",\"breadcrumb\":{\"@id\":\"https:\\\/\\\/www.robor-nature.nl\\\/de\\\/loesungen\\\/intelligenter-kaefig\\\/#breadcrumb\"},\"inLanguage\":\"de\",\"potentialAction\":[{\"@type\":\"ReadAction\",\"target\":[\"https:\\\/\\\/www.robor-nature.nl\\\/de\\\/loesungen\\\/intelligenter-kaefig\\\/\"]}]},{\"@type\":\"BreadcrumbList\",\"@id\":\"https:\\\/\\\/www.robor-nature.nl\\\/de\\\/loesungen\\\/intelligenter-kaefig\\\/#breadcrumb\",\"itemListElement\":[{\"@type\":\"ListItem\",\"position\":1,\"name\":\"Home\",\"item\":\"http:\\\/\\\/18.159.247.187\\\/de\\\/\"},{\"@type\":\"ListItem\",\"position\":2,\"name\":\"L\u00f6sungen\",\"item\":\"http:\\\/\\\/18.159.247.187\\\/de\\\/loesungen\\\/\"},{\"@type\":\"ListItem\",\"position\":3,\"name\":\"intelligenter K\u00e4fig\"}]},{\"@type\":\"WebSite\",\"@id\":\"https:\\\/\\\/www.robor-nature.eu\\\/#website\",\"url\":\"https:\\\/\\\/www.robor-nature.eu\\\/\",\"name\":\"Robor Nature\",\"description\":\"\",\"publisher\":{\"@id\":\"https:\\\/\\\/www.robor-nature.eu\\\/#organization\"},\"potentialAction\":[{\"@type\":\"SearchAction\",\"target\":{\"@type\":\"EntryPoint\",\"urlTemplate\":\"https:\\\/\\\/www.robor-nature.eu\\\/?s={search_term_string}\"},\"query-input\":{\"@type\":\"PropertyValueSpecification\",\"valueRequired\":true,\"valueName\":\"search_term_string\"}}],\"inLanguage\":\"de\"},{\"@type\":\"Organization\",\"@id\":\"https:\\\/\\\/www.robor-nature.eu\\\/#organization\",\"name\":\"Robor Nature\",\"url\":\"https:\\\/\\\/www.robor-nature.eu\\\/\",\"logo\":{\"@type\":\"ImageObject\",\"inLanguage\":\"de\",\"@id\":\"https:\\\/\\\/www.robor-nature.eu\\\/#\\\/schema\\\/logo\\\/image\\\/\",\"url\":\"https:\\\/\\\/www.robor-nature.nl\\\/wp-content\\\/uploads\\\/2021\\\/10\\\/cropped-Logo_Robor-300ppi-01.png\",\"contentUrl\":\"https:\\\/\\\/www.robor-nature.nl\\\/wp-content\\\/uploads\\\/2021\\\/10\\\/cropped-Logo_Robor-300ppi-01.png\",\"width\":240,\"height\":100,\"caption\":\"Robor Nature\"},\"image\":{\"@id\":\"https:\\\/\\\/www.robor-nature.eu\\\/#\\\/schema\\\/logo\\\/image\\\/\"}}]}<\/script>\n<!-- \/ Yoast SEO plugin. -->","yoast_head_json":{"title":"intelligenter K\u00e4fig - Robor Nature","robots":{"index":"index","follow":"follow","max-snippet":"max-snippet:-1","max-image-preview":"max-image-preview:large","max-video-preview":"max-video-preview:-1"},"canonical":"https:\/\/www.robor-nature.nl\/de\/loesungen\/intelligenter-kaefig\/","og_locale":"de_DE","og_type":"article","og_title":"intelligenter K\u00e4fig - Robor Nature","og_description":"Intelligenter K\u00e4fig http:\/\/www.robor-nature.eu\/wp-content\/uploads\/2022\/04\/video.mp4 Intelligenter K\u00e4fig Bisamratte und Biberratte sind invasive Arten, was bedeutet, dass sie in den Niederlanden nicht nat\u00fcrlich vorkommen. Sie sind jedoch hier und verursachen unter anderem in den Niederlanden, Deutschland und Belgien gro\u00dfe Sch\u00e4den an den Deichen und Wasserstra\u00dfen. Deshalb m\u00fcssen diese Tiere bek\u00e4mpft werden. Bisamratten werden lebendig gefangen, und das ist [&hellip;]","og_url":"https:\/\/www.robor-nature.nl\/de\/loesungen\/intelligenter-kaefig\/","og_site_name":"Robor Nature","article_modified_time":"2024-10-14T11:00:57+00:00","twitter_card":"summary_large_image","twitter_misc":{"Gesch\u00e4tzte Lesezeit":"1\u00a0Minute"},"schema":{"@context":"https:\/\/schema.org","@graph":[{"@type":"WebPage","@id":"https:\/\/www.robor-nature.nl\/de\/loesungen\/intelligenter-kaefig\/","url":"https:\/\/www.robor-nature.nl\/de\/loesungen\/intelligenter-kaefig\/","name":"intelligenter K\u00e4fig - Robor Nature","isPartOf":{"@id":"https:\/\/www.robor-nature.eu\/#website"},"datePublished":"2022-03-28T09:28:43+00:00","dateModified":"2024-10-14T11:00:57+00:00","breadcrumb":{"@id":"https:\/\/www.robor-nature.nl\/de\/loesungen\/intelligenter-kaefig\/#breadcrumb"},"inLanguage":"de","potentialAction":[{"@type":"ReadAction","target":["https:\/\/www.robor-nature.nl\/de\/loesungen\/intelligenter-kaefig\/"]}]},{"@type":"BreadcrumbList","@id":"https:\/\/www.robor-nature.nl\/de\/loesungen\/intelligenter-kaefig\/#breadcrumb","itemListElement":[{"@type":"ListItem","position":1,"name":"Home","item":"http:\/\/18.159.247.187\/de\/"},{"@type":"ListItem","position":2,"name":"L\u00f6sungen","item":"http:\/\/18.159.247.187\/de\/loesungen\/"},{"@type":"ListItem","position":3,"name":"intelligenter K\u00e4fig"}]},{"@type":"WebSite","@id":"https:\/\/www.robor-nature.eu\/#website","url":"https:\/\/www.robor-nature.eu\/","name":"Robor Nature","description":"","publisher":{"@id":"https:\/\/www.robor-nature.eu\/#organization"},"potentialAction":[{"@type":"SearchAction","target":{"@type":"EntryPoint","urlTemplate":"https:\/\/www.robor-nature.eu\/?s={search_term_string}"},"query-input":{"@type":"PropertyValueSpecification","valueRequired":true,"valueName":"search_term_string"}}],"inLanguage":"de"},{"@type":"Organization","@id":"https:\/\/www.robor-nature.eu\/#organization","name":"Robor Nature","url":"https:\/\/www.robor-nature.eu\/","logo":{"@type":"ImageObject","inLanguage":"de","@id":"https:\/\/www.robor-nature.eu\/#\/schema\/logo\/image\/","url":"https:\/\/www.robor-nature.nl\/wp-content\/uploads\/2021\/10\/cropped-Logo_Robor-300ppi-01.png","contentUrl":"https:\/\/www.robor-nature.nl\/wp-content\/uploads\/2021\/10\/cropped-Logo_Robor-300ppi-01.png","width":240,"height":100,"caption":"Robor Nature"},"image":{"@id":"https:\/\/www.robor-nature.eu\/#\/schema\/logo\/image\/"}}]}},"_links":{"self":[{"href":"https:\/\/www.robor-nature.nl\/de\/wp-json\/wp\/v2\/pages\/4101","targetHints":{"allow":["GET"]}}],"collection":[{"href":"https:\/\/www.robor-nature.nl\/de\/wp-json\/wp\/v2\/pages"}],"about":[{"href":"https:\/\/www.robor-nature.nl\/de\/wp-json\/wp\/v2\/types\/page"}],"author":[{"embeddable":true,"href":"https:\/\/www.robor-nature.nl\/de\/wp-json\/wp\/v2\/users\/3"}],"replies":[{"embeddable":true,"href":"https:\/\/www.robor-nature.nl\/de\/wp-json\/wp\/v2\/comments?post=4101"}],"version-history":[{"count":13,"href":"https:\/\/www.robor-nature.nl\/de\/wp-json\/wp\/v2\/pages\/4101\/revisions"}],"predecessor-version":[{"id":4860,"href":"https:\/\/www.robor-nature.nl\/de\/wp-json\/wp\/v2\/pages\/4101\/revisions\/4860"}],"up":[{"embeddable":true,"href":"https:\/\/www.robor-nature.nl\/de\/wp-json\/wp\/v2\/pages\/4016"}],"wp:attachment":[{"href":"https:\/\/www.robor-nature.nl\/de\/wp-json\/wp\/v2\/media?parent=4101"}],"curies":[{"name":"wp","href":"https:\/\/api.w.org\/{rel}","templated":true}]}}