{"id":4003,"date":"2021-10-25T11:47:47","date_gmt":"2021-10-25T10:47:47","guid":{"rendered":"http:\/\/3.70.206.38\/service\/"},"modified":"2022-06-01T14:05:53","modified_gmt":"2022-06-01T13:05:53","slug":"service","status":"publish","type":"page","link":"https:\/\/www.robor-nature.nl\/de\/service\/","title":{"rendered":"Service"},"content":{"rendered":"\t\t<div data-elementor-type=\"wp-page\" data-elementor-id=\"4003\" class=\"elementor elementor-4003 elementor-187\" data-elementor-post-type=\"page\">\n\t\t\t\t\t\t<section class=\"elementor-section elementor-top-section elementor-element elementor-element-54b666e9 elementor-section-height-min-height elementor-section-boxed elementor-section-height-default elementor-section-items-middle\" data-id=\"54b666e9\" data-element_type=\"section\" data-e-type=\"section\" data-settings=\"{&quot;background_background&quot;:&quot;classic&quot;}\">\n\t\t\t\t\t\t\t<div class=\"elementor-background-overlay\"><\/div>\n\t\t\t\t\t\t\t<div class=\"elementor-container elementor-column-gap-default\">\n\t\t\t\t\t<div class=\"elementor-column elementor-col-100 elementor-top-column elementor-element elementor-element-f528a47\" data-id=\"f528a47\" data-element_type=\"column\" data-e-type=\"column\">\n\t\t\t<div class=\"elementor-widget-wrap elementor-element-populated\">\n\t\t\t\t\t\t<div class=\"elementor-element elementor-element-68227d85 elementor-widget elementor-widget-heading\" data-id=\"68227d85\" data-element_type=\"widget\" data-e-type=\"widget\" data-widget_type=\"heading.default\">\n\t\t\t\t<div class=\"elementor-widget-container\">\n\t\t\t\t\t<h3 class=\"elementor-heading-title elementor-size-default\">Dienstleistung<\/h3>\t\t\t\t<\/div>\n\t\t\t\t<\/div>\n\t\t\t\t<div class=\"elementor-element elementor-element-7101fb9d elementor-widget-divider--view-line_icon elementor-view-default elementor-widget-divider--element-align-center elementor-widget elementor-widget-divider\" data-id=\"7101fb9d\" data-element_type=\"widget\" data-e-type=\"widget\" data-widget_type=\"divider.default\">\n\t\t\t\t<div class=\"elementor-widget-container\">\n\t\t\t\t\t\t\t<div class=\"elementor-divider\">\n\t\t\t<span class=\"elementor-divider-separator\">\n\t\t\t\t\t\t\t<div class=\"elementor-icon elementor-divider__element\">\n\t\t\t\t\t<i aria-hidden=\"true\" class=\"fas fa-wrench\"><\/i><\/div>\n\t\t\t\t\t\t<\/span>\n\t\t<\/div>\n\t\t\t\t\t\t<\/div>\n\t\t\t\t<\/div>\n\t\t\t\t\t<\/div>\n\t\t<\/div>\n\t\t\t\t\t<\/div>\n\t\t<\/section>\n\t\t\t\t<section class=\"elementor-section elementor-top-section elementor-element elementor-element-71be5af elementor-section-boxed elementor-section-height-default elementor-section-height-default\" data-id=\"71be5af\" data-element_type=\"section\" data-e-type=\"section\">\n\t\t\t\t\t\t<div class=\"elementor-container elementor-column-gap-default\">\n\t\t\t\t\t<div class=\"elementor-column elementor-col-100 elementor-top-column elementor-element elementor-element-2e786bc\" data-id=\"2e786bc\" data-element_type=\"column\" data-e-type=\"column\">\n\t\t\t<div class=\"elementor-widget-wrap elementor-element-populated\">\n\t\t\t\t\t\t<div class=\"elementor-element elementor-element-ca33432 elementor-widget elementor-widget-heading\" data-id=\"ca33432\" data-element_type=\"widget\" data-e-type=\"widget\" data-widget_type=\"heading.default\">\n\t\t\t\t<div class=\"elementor-widget-container\">\n\t\t\t\t\t<h3 class=\"elementor-heading-title elementor-size-default\">Service &amp; Wartung<\/h3>\t\t\t\t<\/div>\n\t\t\t\t<\/div>\n\t\t\t\t<div class=\"elementor-element elementor-element-e47fb9e elementor-widget-divider--view-line_icon elementor-view-default elementor-widget-divider--element-align-center elementor-widget elementor-widget-divider\" data-id=\"e47fb9e\" data-element_type=\"widget\" data-e-type=\"widget\" data-widget_type=\"divider.default\">\n\t\t\t\t<div class=\"elementor-widget-container\">\n\t\t\t\t\t\t\t<div class=\"elementor-divider\">\n\t\t\t<span class=\"elementor-divider-separator\">\n\t\t\t\t\t\t\t<div class=\"elementor-icon elementor-divider__element\">\n\t\t\t\t\t<i aria-hidden=\"true\" class=\"fas fa-wrench\"><\/i><\/div>\n\t\t\t\t\t\t<\/span>\n\t\t<\/div>\n\t\t\t\t\t\t<\/div>\n\t\t\t\t<\/div>\n\t\t\t\t<div class=\"elementor-element elementor-element-4e91fb5 elementor-widget elementor-widget-text-editor\" data-id=\"4e91fb5\" data-element_type=\"widget\" data-e-type=\"widget\" data-widget_type=\"text-editor.default\">\n\t\t\t\t<div class=\"elementor-widget-container\">\n\t\t\t\t\t\t\t\t\t<p>F\u00fcr jedes konzept gibt es einen pers\u00f6nlichen Experten, der Sie mit allen Informationen und Erkl\u00e4rungen versorgen kann. Gerne erkl\u00e4ren wir Ihnen auch alle Produkte und Software pers\u00f6nlich, wir nehmen uns die Zeit f\u00fcr Sie.<\/p><p>Von jeder von uns gelieferten Drohne wird ein Datenprotokoll gef\u00fchrt. Darin werden die Flugstunden festgehalten und wann es Zeit f\u00fcr eine Wartung ist.<\/p>\t\t\t\t\t\t\t\t<\/div>\n\t\t\t\t<\/div>\n\t\t\t\t\t<\/div>\n\t\t<\/div>\n\t\t\t\t\t<\/div>\n\t\t<\/section>\n\t\t\t\t<section class=\"elementor-section elementor-top-section elementor-element elementor-element-bcd173c elementor-section-boxed elementor-section-height-default elementor-section-height-default\" data-id=\"bcd173c\" data-element_type=\"section\" data-e-type=\"section\" data-settings=\"{&quot;background_background&quot;:&quot;classic&quot;}\">\n\t\t\t\t\t\t<div class=\"elementor-container elementor-column-gap-default\">\n\t\t\t\t\t<div class=\"elementor-column elementor-col-33 elementor-top-column elementor-element elementor-element-44d0acf\" data-id=\"44d0acf\" data-element_type=\"column\" data-e-type=\"column\">\n\t\t\t<div class=\"elementor-widget-wrap elementor-element-populated\">\n\t\t\t\t\t\t<div class=\"elementor-element elementor-element-48571f2 elementor-widget elementor-widget-image\" data-id=\"48571f2\" data-element_type=\"widget\" data-e-type=\"widget\" data-widget_type=\"image.default\">\n\t\t\t\t<div class=\"elementor-widget-container\">\n\t\t\t\t\t\t\t\t\t\t\t\t\t\t\t<img fetchpriority=\"high\" decoding=\"async\" width=\"766\" height=\"1024\" src=\"https:\/\/www.robor-nature.eu\/wp-content\/uploads\/2021\/11\/RN14b-766x1024.jpg\" class=\"attachment-large size-large wp-image-3895\" alt=\"\" srcset=\"https:\/\/www.robor-nature.eu\/wp-content\/uploads\/2021\/11\/RN14b-766x1024.jpg 766w, https:\/\/www.robor-nature.eu\/wp-content\/uploads\/2021\/11\/RN14b-225x300.jpg 225w, https:\/\/www.robor-nature.eu\/wp-content\/uploads\/2021\/11\/RN14b-768x1026.jpg 768w, https:\/\/www.robor-nature.eu\/wp-content\/uploads\/2021\/11\/RN14b-1150x1536.jpg 1150w, https:\/\/www.robor-nature.eu\/wp-content\/uploads\/2021\/11\/RN14b-scaled.jpg 1916w\" sizes=\"(max-width: 766px) 100vw, 766px\" \/>\t\t\t\t\t\t\t\t\t\t\t\t\t\t\t<\/div>\n\t\t\t\t<\/div>\n\t\t\t\t\t<\/div>\n\t\t<\/div>\n\t\t\t\t<div class=\"elementor-column elementor-col-33 elementor-top-column elementor-element elementor-element-b8ae331\" data-id=\"b8ae331\" data-element_type=\"column\" data-e-type=\"column\">\n\t\t\t<div class=\"elementor-widget-wrap elementor-element-populated\">\n\t\t\t\t\t\t<div class=\"elementor-element elementor-element-86b6cc9 elementor-widget elementor-widget-image\" data-id=\"86b6cc9\" data-element_type=\"widget\" data-e-type=\"widget\" data-widget_type=\"image.default\">\n\t\t\t\t<div class=\"elementor-widget-container\">\n\t\t\t\t\t\t\t\t\t\t\t\t\t\t\t<img decoding=\"async\" width=\"683\" height=\"1024\" src=\"https:\/\/www.robor-nature.eu\/wp-content\/uploads\/2021\/11\/RN14a-683x1024.jpg\" class=\"attachment-large size-large wp-image-3893\" alt=\"\" srcset=\"https:\/\/www.robor-nature.eu\/wp-content\/uploads\/2021\/11\/RN14a-683x1024.jpg 683w, https:\/\/www.robor-nature.eu\/wp-content\/uploads\/2021\/11\/RN14a-200x300.jpg 200w, https:\/\/www.robor-nature.eu\/wp-content\/uploads\/2021\/11\/RN14a-768x1152.jpg 768w, https:\/\/www.robor-nature.eu\/wp-content\/uploads\/2021\/11\/RN14a-1024x1536.jpg 1024w, https:\/\/www.robor-nature.eu\/wp-content\/uploads\/2021\/11\/RN14a-scaled.jpg 1707w\" sizes=\"(max-width: 683px) 100vw, 683px\" \/>\t\t\t\t\t\t\t\t\t\t\t\t\t\t\t<\/div>\n\t\t\t\t<\/div>\n\t\t\t\t\t<\/div>\n\t\t<\/div>\n\t\t\t\t<div class=\"elementor-column elementor-col-33 elementor-top-column elementor-element elementor-element-bb9c39b\" data-id=\"bb9c39b\" data-element_type=\"column\" data-e-type=\"column\">\n\t\t\t<div class=\"elementor-widget-wrap elementor-element-populated\">\n\t\t\t\t\t\t<div class=\"elementor-element elementor-element-beb0294 elementor-widget elementor-widget-image\" data-id=\"beb0294\" data-element_type=\"widget\" data-e-type=\"widget\" data-widget_type=\"image.default\">\n\t\t\t\t<div class=\"elementor-widget-container\">\n\t\t\t\t\t\t\t\t\t\t\t\t\t\t\t<img decoding=\"async\" width=\"800\" height=\"600\" src=\"https:\/\/www.robor-nature.eu\/wp-content\/uploads\/2021\/11\/RN12-1024x768.jpg\" class=\"attachment-large size-large wp-image-3889\" alt=\"\" srcset=\"https:\/\/www.robor-nature.eu\/wp-content\/uploads\/2021\/11\/RN12-1024x768.jpg 1024w, https:\/\/www.robor-nature.eu\/wp-content\/uploads\/2021\/11\/RN12-300x225.jpg 300w, https:\/\/www.robor-nature.eu\/wp-content\/uploads\/2021\/11\/RN12-768x576.jpg 768w, https:\/\/www.robor-nature.eu\/wp-content\/uploads\/2021\/11\/RN12-1536x1152.jpg 1536w, https:\/\/www.robor-nature.eu\/wp-content\/uploads\/2021\/11\/RN12-2048x1536.jpg 2048w, https:\/\/www.robor-nature.eu\/wp-content\/uploads\/2021\/11\/RN12-1x1.jpg 1w\" sizes=\"(max-width: 800px) 100vw, 800px\" \/>\t\t\t\t\t\t\t\t\t\t\t\t\t\t\t<\/div>\n\t\t\t\t<\/div>\n\t\t\t\t\t<\/div>\n\t\t<\/div>\n\t\t\t\t\t<\/div>\n\t\t<\/section>\n\t\t\t\t<section class=\"elementor-section elementor-top-section elementor-element elementor-element-2d4ad58 elementor-section-boxed elementor-section-height-default elementor-section-height-default\" data-id=\"2d4ad58\" data-element_type=\"section\" data-e-type=\"section\">\n\t\t\t\t\t\t<div class=\"elementor-container elementor-column-gap-default\">\n\t\t\t\t\t<div class=\"elementor-column elementor-col-100 elementor-top-column elementor-element elementor-element-e561df5\" data-id=\"e561df5\" data-element_type=\"column\" data-e-type=\"column\">\n\t\t\t<div class=\"elementor-widget-wrap elementor-element-populated\">\n\t\t\t\t\t\t<div class=\"elementor-element elementor-element-ca68e60 elementor-widget elementor-widget-heading\" data-id=\"ca68e60\" data-element_type=\"widget\" data-e-type=\"widget\" data-widget_type=\"heading.default\">\n\t\t\t\t<div class=\"elementor-widget-container\">\n\t\t\t\t\t<h3 class=\"elementor-heading-title elementor-size-default\">Mehr Service &amp; Wartung<\/h3>\t\t\t\t<\/div>\n\t\t\t\t<\/div>\n\t\t\t\t<div class=\"elementor-element elementor-element-efcf68a elementor-widget-divider--view-line_icon elementor-view-default elementor-widget-divider--element-align-center elementor-widget elementor-widget-divider\" data-id=\"efcf68a\" data-element_type=\"widget\" data-e-type=\"widget\" data-widget_type=\"divider.default\">\n\t\t\t\t<div class=\"elementor-widget-container\">\n\t\t\t\t\t\t\t<div class=\"elementor-divider\">\n\t\t\t<span class=\"elementor-divider-separator\">\n\t\t\t\t\t\t\t<div class=\"elementor-icon elementor-divider__element\">\n\t\t\t\t\t<i aria-hidden=\"true\" class=\"fas fa-wrench\"><\/i><\/div>\n\t\t\t\t\t\t<\/span>\n\t\t<\/div>\n\t\t\t\t\t\t<\/div>\n\t\t\t\t<\/div>\n\t\t\t\t<div class=\"elementor-element elementor-element-753d68b elementor-widget elementor-widget-text-editor\" data-id=\"753d68b\" data-element_type=\"widget\" data-e-type=\"widget\" data-widget_type=\"text-editor.default\">\n\t\t\t\t<div class=\"elementor-widget-container\">\n\t\t\t\t\t\t\t\t\t<ul><li>Pers\u00f6nliche und informelle Demotage;<\/li><li>Software-Updates (wir informieren Sie pers\u00f6nlich, wenn es Zeit f\u00fcr ein Update ist);<\/li><li>Reparaturen;<\/li><li>Eine Ersatzdrohne, wenn eine Reparatur l\u00e4nger als 5 werktagen dauert;<\/li><li>Direkter und pers\u00f6nlicher kontakt mit dem technischen Support an werktagen von 9:00 bis 17:00;<\/li><li>M\u00f6glichkeit, einen Wartungsvertrag abzuschlie\u00dfen;<\/li><li>Regelm\u00e4\u00dfige Auffrischungstage zur Auffrischung der Kenntnisse.<\/li><\/ul>\t\t\t\t\t\t\t\t<\/div>\n\t\t\t\t<\/div>\n\t\t\t\t\t<\/div>\n\t\t<\/div>\n\t\t\t\t\t<\/div>\n\t\t<\/section>\n\t\t\t\t<\/div>\n\t\t","protected":false},"excerpt":{"rendered":"<p>Dienstleistung Service &amp; Wartung F\u00fcr jedes konzept gibt es einen pers\u00f6nlichen Experten, der Sie mit allen Informationen und Erkl\u00e4rungen versorgen kann. Gerne erkl\u00e4ren wir Ihnen auch alle Produkte und Software pers\u00f6nlich, wir nehmen uns die Zeit f\u00fcr Sie. Von jeder von uns gelieferten Drohne wird ein Datenprotokoll gef\u00fchrt. Darin werden die Flugstunden festgehalten und wann [&hellip;]<\/p>\n","protected":false},"author":3,"featured_media":0,"parent":0,"menu_order":0,"comment_status":"closed","ping_status":"closed","template":"elementor_header_footer","meta":{"footnotes":""},"class_list":["post-4003","page","type-page","status-publish","hentry"],"yoast_head":"<!-- This site is optimized with the Yoast SEO plugin v27.4 - https:\/\/yoast.com\/product\/yoast-seo-wordpress\/ -->\n<title>Service - Robor Nature<\/title>\n<meta name=\"robots\" content=\"index, follow, max-snippet:-1, max-image-preview:large, max-video-preview:-1\" \/>\n<link rel=\"canonical\" href=\"https:\/\/www.robor-nature.nl\/de\/service\/\" \/>\n<meta property=\"og:locale\" content=\"de_DE\" \/>\n<meta property=\"og:type\" content=\"article\" \/>\n<meta property=\"og:title\" content=\"Service - Robor Nature\" \/>\n<meta property=\"og:description\" content=\"Dienstleistung Service &amp; Wartung F\u00fcr jedes konzept gibt es einen pers\u00f6nlichen Experten, der Sie mit allen Informationen und Erkl\u00e4rungen versorgen kann. Gerne erkl\u00e4ren wir Ihnen auch alle Produkte und Software pers\u00f6nlich, wir nehmen uns die Zeit f\u00fcr Sie. Von jeder von uns gelieferten Drohne wird ein Datenprotokoll gef\u00fchrt. Darin werden die Flugstunden festgehalten und wann [&hellip;]\" \/>\n<meta property=\"og:url\" content=\"https:\/\/www.robor-nature.nl\/de\/service\/\" \/>\n<meta property=\"og:site_name\" content=\"Robor Nature\" \/>\n<meta property=\"article:modified_time\" content=\"2022-06-01T13:05:53+00:00\" \/>\n<meta property=\"og:image\" content=\"http:\/\/www.robor-nature.eu\/wp-content\/uploads\/2021\/11\/RN14b-766x1024.jpg\" \/>\n<meta name=\"twitter:card\" content=\"summary_large_image\" \/>\n<meta name=\"twitter:label1\" content=\"Gesch\u00e4tzte Lesezeit\" \/>\n\t<meta name=\"twitter:data1\" content=\"2\u00a0Minuten\" \/>\n<script type=\"application\/ld+json\" class=\"yoast-schema-graph\">{\"@context\":\"https:\\\/\\\/schema.org\",\"@graph\":[{\"@type\":\"WebPage\",\"@id\":\"https:\\\/\\\/www.robor-nature.nl\\\/de\\\/service\\\/\",\"url\":\"https:\\\/\\\/www.robor-nature.nl\\\/de\\\/service\\\/\",\"name\":\"Service - Robor Nature\",\"isPartOf\":{\"@id\":\"https:\\\/\\\/www.robor-nature.eu\\\/#website\"},\"primaryImageOfPage\":{\"@id\":\"https:\\\/\\\/www.robor-nature.nl\\\/de\\\/service\\\/#primaryimage\"},\"image\":{\"@id\":\"https:\\\/\\\/www.robor-nature.nl\\\/de\\\/service\\\/#primaryimage\"},\"thumbnailUrl\":\"http:\\\/\\\/www.robor-nature.eu\\\/wp-content\\\/uploads\\\/2021\\\/11\\\/RN14b-766x1024.jpg\",\"datePublished\":\"2021-10-25T10:47:47+00:00\",\"dateModified\":\"2022-06-01T13:05:53+00:00\",\"breadcrumb\":{\"@id\":\"https:\\\/\\\/www.robor-nature.nl\\\/de\\\/service\\\/#breadcrumb\"},\"inLanguage\":\"de\",\"potentialAction\":[{\"@type\":\"ReadAction\",\"target\":[\"https:\\\/\\\/www.robor-nature.nl\\\/de\\\/service\\\/\"]}]},{\"@type\":\"ImageObject\",\"inLanguage\":\"de\",\"@id\":\"https:\\\/\\\/www.robor-nature.nl\\\/de\\\/service\\\/#primaryimage\",\"url\":\"http:\\\/\\\/www.robor-nature.eu\\\/wp-content\\\/uploads\\\/2021\\\/11\\\/RN14b-766x1024.jpg\",\"contentUrl\":\"http:\\\/\\\/www.robor-nature.eu\\\/wp-content\\\/uploads\\\/2021\\\/11\\\/RN14b-766x1024.jpg\"},{\"@type\":\"BreadcrumbList\",\"@id\":\"https:\\\/\\\/www.robor-nature.nl\\\/de\\\/service\\\/#breadcrumb\",\"itemListElement\":[{\"@type\":\"ListItem\",\"position\":1,\"name\":\"Home\",\"item\":\"http:\\\/\\\/18.159.247.187\\\/de\\\/\"},{\"@type\":\"ListItem\",\"position\":2,\"name\":\"Service\"}]},{\"@type\":\"WebSite\",\"@id\":\"https:\\\/\\\/www.robor-nature.eu\\\/#website\",\"url\":\"https:\\\/\\\/www.robor-nature.eu\\\/\",\"name\":\"Robor Nature\",\"description\":\"\",\"publisher\":{\"@id\":\"https:\\\/\\\/www.robor-nature.eu\\\/#organization\"},\"potentialAction\":[{\"@type\":\"SearchAction\",\"target\":{\"@type\":\"EntryPoint\",\"urlTemplate\":\"https:\\\/\\\/www.robor-nature.eu\\\/?s={search_term_string}\"},\"query-input\":{\"@type\":\"PropertyValueSpecification\",\"valueRequired\":true,\"valueName\":\"search_term_string\"}}],\"inLanguage\":\"de\"},{\"@type\":\"Organization\",\"@id\":\"https:\\\/\\\/www.robor-nature.eu\\\/#organization\",\"name\":\"Robor Nature\",\"url\":\"https:\\\/\\\/www.robor-nature.eu\\\/\",\"logo\":{\"@type\":\"ImageObject\",\"inLanguage\":\"de\",\"@id\":\"https:\\\/\\\/www.robor-nature.eu\\\/#\\\/schema\\\/logo\\\/image\\\/\",\"url\":\"https:\\\/\\\/www.robor-nature.nl\\\/wp-content\\\/uploads\\\/2021\\\/10\\\/cropped-Logo_Robor-300ppi-01.png\",\"contentUrl\":\"https:\\\/\\\/www.robor-nature.nl\\\/wp-content\\\/uploads\\\/2021\\\/10\\\/cropped-Logo_Robor-300ppi-01.png\",\"width\":240,\"height\":100,\"caption\":\"Robor Nature\"},\"image\":{\"@id\":\"https:\\\/\\\/www.robor-nature.eu\\\/#\\\/schema\\\/logo\\\/image\\\/\"}}]}<\/script>\n<!-- \/ Yoast SEO plugin. -->","yoast_head_json":{"title":"Service - Robor Nature","robots":{"index":"index","follow":"follow","max-snippet":"max-snippet:-1","max-image-preview":"max-image-preview:large","max-video-preview":"max-video-preview:-1"},"canonical":"https:\/\/www.robor-nature.nl\/de\/service\/","og_locale":"de_DE","og_type":"article","og_title":"Service - Robor Nature","og_description":"Dienstleistung Service &amp; Wartung F\u00fcr jedes konzept gibt es einen pers\u00f6nlichen Experten, der Sie mit allen Informationen und Erkl\u00e4rungen versorgen kann. Gerne erkl\u00e4ren wir Ihnen auch alle Produkte und Software pers\u00f6nlich, wir nehmen uns die Zeit f\u00fcr Sie. Von jeder von uns gelieferten Drohne wird ein Datenprotokoll gef\u00fchrt. Darin werden die Flugstunden festgehalten und wann [&hellip;]","og_url":"https:\/\/www.robor-nature.nl\/de\/service\/","og_site_name":"Robor Nature","article_modified_time":"2022-06-01T13:05:53+00:00","og_image":[{"url":"http:\/\/www.robor-nature.eu\/wp-content\/uploads\/2021\/11\/RN14b-766x1024.jpg","type":"","width":"","height":""}],"twitter_card":"summary_large_image","twitter_misc":{"Gesch\u00e4tzte Lesezeit":"2\u00a0Minuten"},"schema":{"@context":"https:\/\/schema.org","@graph":[{"@type":"WebPage","@id":"https:\/\/www.robor-nature.nl\/de\/service\/","url":"https:\/\/www.robor-nature.nl\/de\/service\/","name":"Service - Robor Nature","isPartOf":{"@id":"https:\/\/www.robor-nature.eu\/#website"},"primaryImageOfPage":{"@id":"https:\/\/www.robor-nature.nl\/de\/service\/#primaryimage"},"image":{"@id":"https:\/\/www.robor-nature.nl\/de\/service\/#primaryimage"},"thumbnailUrl":"http:\/\/www.robor-nature.eu\/wp-content\/uploads\/2021\/11\/RN14b-766x1024.jpg","datePublished":"2021-10-25T10:47:47+00:00","dateModified":"2022-06-01T13:05:53+00:00","breadcrumb":{"@id":"https:\/\/www.robor-nature.nl\/de\/service\/#breadcrumb"},"inLanguage":"de","potentialAction":[{"@type":"ReadAction","target":["https:\/\/www.robor-nature.nl\/de\/service\/"]}]},{"@type":"ImageObject","inLanguage":"de","@id":"https:\/\/www.robor-nature.nl\/de\/service\/#primaryimage","url":"http:\/\/www.robor-nature.eu\/wp-content\/uploads\/2021\/11\/RN14b-766x1024.jpg","contentUrl":"http:\/\/www.robor-nature.eu\/wp-content\/uploads\/2021\/11\/RN14b-766x1024.jpg"},{"@type":"BreadcrumbList","@id":"https:\/\/www.robor-nature.nl\/de\/service\/#breadcrumb","itemListElement":[{"@type":"ListItem","position":1,"name":"Home","item":"http:\/\/18.159.247.187\/de\/"},{"@type":"ListItem","position":2,"name":"Service"}]},{"@type":"WebSite","@id":"https:\/\/www.robor-nature.eu\/#website","url":"https:\/\/www.robor-nature.eu\/","name":"Robor Nature","description":"","publisher":{"@id":"https:\/\/www.robor-nature.eu\/#organization"},"potentialAction":[{"@type":"SearchAction","target":{"@type":"EntryPoint","urlTemplate":"https:\/\/www.robor-nature.eu\/?s={search_term_string}"},"query-input":{"@type":"PropertyValueSpecification","valueRequired":true,"valueName":"search_term_string"}}],"inLanguage":"de"},{"@type":"Organization","@id":"https:\/\/www.robor-nature.eu\/#organization","name":"Robor Nature","url":"https:\/\/www.robor-nature.eu\/","logo":{"@type":"ImageObject","inLanguage":"de","@id":"https:\/\/www.robor-nature.eu\/#\/schema\/logo\/image\/","url":"https:\/\/www.robor-nature.nl\/wp-content\/uploads\/2021\/10\/cropped-Logo_Robor-300ppi-01.png","contentUrl":"https:\/\/www.robor-nature.nl\/wp-content\/uploads\/2021\/10\/cropped-Logo_Robor-300ppi-01.png","width":240,"height":100,"caption":"Robor Nature"},"image":{"@id":"https:\/\/www.robor-nature.eu\/#\/schema\/logo\/image\/"}}]}},"_links":{"self":[{"href":"https:\/\/www.robor-nature.nl\/de\/wp-json\/wp\/v2\/pages\/4003","targetHints":{"allow":["GET"]}}],"collection":[{"href":"https:\/\/www.robor-nature.nl\/de\/wp-json\/wp\/v2\/pages"}],"about":[{"href":"https:\/\/www.robor-nature.nl\/de\/wp-json\/wp\/v2\/types\/page"}],"author":[{"embeddable":true,"href":"https:\/\/www.robor-nature.nl\/de\/wp-json\/wp\/v2\/users\/3"}],"replies":[{"embeddable":true,"href":"https:\/\/www.robor-nature.nl\/de\/wp-json\/wp\/v2\/comments?post=4003"}],"version-history":[{"count":14,"href":"https:\/\/www.robor-nature.nl\/de\/wp-json\/wp\/v2\/pages\/4003\/revisions"}],"predecessor-version":[{"id":4463,"href":"https:\/\/www.robor-nature.nl\/de\/wp-json\/wp\/v2\/pages\/4003\/revisions\/4463"}],"wp:attachment":[{"href":"https:\/\/www.robor-nature.nl\/de\/wp-json\/wp\/v2\/media?parent=4003"}],"curies":[{"name":"wp","href":"https:\/\/api.w.org\/{rel}","templated":true}]}}